{"id":1461,"date":"2020-02-22T16:12:55","date_gmt":"2020-02-22T16:12:55","guid":{"rendered":"https:\/\/www.nebershof.de\/?page_id=1461"},"modified":"2020-04-29T12:10:09","modified_gmt":"2020-04-29T12:10:09","slug":"landwirtschaft","status":"publish","type":"page","link":"https:\/\/www.nebershof.de\/index.php\/landwirtschaft\/","title":{"rendered":"Landwirtschaft"},"content":{"rendered":"\t\t<div data-elementor-type=\"wp-page\" data-elementor-id=\"1461\" class=\"elementor elementor-1461\">\n\t\t\t\t\t\t<section class=\"elementor-section elementor-top-section elementor-element elementor-element-c21c683 elementor-section-boxed elementor-section-height-default elementor-section-height-default\" data-id=\"c21c683\" data-element_type=\"section\" data-e-type=\"section\">\n\t\t\t\t\t\t<div class=\"elementor-container elementor-column-gap-default\">\n\t\t\t\t\t<div class=\"elementor-column elementor-col-100 elementor-top-column elementor-element elementor-element-f87a500\" data-id=\"f87a500\" data-element_type=\"column\" data-e-type=\"column\">\n\t\t\t<div class=\"elementor-widget-wrap elementor-element-populated\">\n\t\t\t\t\t\t<div class=\"elementor-element elementor-element-1f19415 elementor-widget elementor-widget-heading\" data-id=\"1f19415\" data-element_type=\"widget\" data-e-type=\"widget\" data-widget_type=\"heading.default\">\n\t\t\t\t<div class=\"elementor-widget-container\">\n\t\t\t\t\t<h3 class=\"elementor-heading-title elementor-size-default\">\u00d6kologische Landwirtschaft<\/h3>\t\t\t\t<\/div>\n\t\t\t\t<\/div>\n\t\t\t\t\t<\/div>\n\t\t<\/div>\n\t\t\t\t\t<\/div>\n\t\t<\/section>\n\t\t\t\t<section class=\"elementor-section elementor-top-section elementor-element elementor-element-f29f0fe elementor-section-boxed elementor-section-height-default elementor-section-height-default\" data-id=\"f29f0fe\" data-element_type=\"section\" data-e-type=\"section\">\n\t\t\t\t\t\t<div class=\"elementor-container elementor-column-gap-default\">\n\t\t\t\t\t<div class=\"elementor-column elementor-col-100 elementor-top-column elementor-element elementor-element-86d5795\" data-id=\"86d5795\" data-element_type=\"column\" data-e-type=\"column\">\n\t\t\t<div class=\"elementor-widget-wrap elementor-element-populated\">\n\t\t\t\t\t\t<div class=\"elementor-element elementor-element-ca22f3f elementor-widget elementor-widget-image\" data-id=\"ca22f3f\" data-element_type=\"widget\" data-e-type=\"widget\" data-widget_type=\"image.default\">\n\t\t\t\t<div class=\"elementor-widget-container\">\n\t\t\t\t\t\t\t\t\t\t\t\t\t\t\t<img decoding=\"async\" src=\"https:\/\/www.nebershof.de\/wp-content\/uploads\/elementor\/thumbs\/100_1304-scaled-oos4b9l0bfr30vori90kzxaovslyxds6qa8dh1ytm8.jpg\" title=\"100_1304\" alt=\"100_1304\" loading=\"lazy\" \/>\t\t\t\t\t\t\t\t\t\t\t\t\t\t\t<\/div>\n\t\t\t\t<\/div>\n\t\t\t\t\t<\/div>\n\t\t<\/div>\n\t\t\t\t\t<\/div>\n\t\t<\/section>\n\t\t\t\t<section class=\"elementor-section elementor-top-section elementor-element elementor-element-b28db84 elementor-section-boxed elementor-section-height-default elementor-section-height-default\" data-id=\"b28db84\" data-element_type=\"section\" data-e-type=\"section\">\n\t\t\t\t\t\t<div class=\"elementor-container elementor-column-gap-default\">\n\t\t\t\t\t<div class=\"elementor-column elementor-col-100 elementor-top-column elementor-element elementor-element-b6c5692\" data-id=\"b6c5692\" data-element_type=\"column\" data-e-type=\"column\">\n\t\t\t<div class=\"elementor-widget-wrap elementor-element-populated\">\n\t\t\t\t\t\t<div class=\"elementor-element elementor-element-1f72df9 elementor-widget elementor-widget-text-editor\" data-id=\"1f72df9\" data-element_type=\"widget\" data-e-type=\"widget\" data-widget_type=\"text-editor.default\">\n\t\t\t\t<div class=\"elementor-widget-container\">\n\t\t\t\t\t\t\t\t\t<p>Seit 2010 haben wir den Holderhof in Riepe gepachtet der schon seit \u00fcber 30 Jahren nach den Demeter-Richtlinien als \u00d6kologischer Betrieb bewirtschaftet wird.<\/p><p>Wir produzieren auf ca. 60 Hektar Roggen, Hafer, Futtergetreide, Buchweizen und Kleegras an. Auf unseren Wiesen halten wir Mutterk\u00fche und gewinnen das Winterfutter f\u00fcr K\u00fche und Pferde in Form von Heu und Silage. Ein Gro\u00dfteil der Wiesen befindet sich im Naturschutzgebiet Kinderberg\/Stellbachniederung.<\/p><p>Unser Roggen geht direkt zur Vollkornb\u00e4ckerei Effenberger in Hamburg, Der Buchweizen wird f\u00fcr Meyers Windm\u00fchle in Bardowick angebaut, eine der letzten gewerblich betriebenen Windm\u00fchlen. Dort wird er verarbeitet und an regionale Caf\u00e9s und Restaurants geliefert.<\/p><p>Das Fleisch unserer Rinder wird \u00fcber unseren Schlachter direkt an Endverbraucher verkauft, zumeist in 10 kg Paketen.<\/p><p>Die meisten der Arbeiten erledigen wir mit modernen Maschinen, da wir oft ein sehr enges Zeitfenster f\u00fcr die zu erledigenden Arbeiten haben. Bei einigen Arbeiten kommen aber auch unsere Arbeitspferde zum Zuge, wie zum Beispiel beim Striegeln des Getreides, Anwalzen von Zwischenfr\u00fcchten und in der Gr\u00fcnlandpflege.<\/p>\t\t\t\t\t\t\t\t<\/div>\n\t\t\t\t<\/div>\n\t\t\t\t\t<\/div>\n\t\t<\/div>\n\t\t\t\t\t<\/div>\n\t\t<\/section>\n\t\t\t\t<section class=\"elementor-section elementor-top-section elementor-element elementor-element-d020664 elementor-section-boxed elementor-section-height-default elementor-section-height-default\" data-id=\"d020664\" data-element_type=\"section\" data-e-type=\"section\">\n\t\t\t\t\t\t<div class=\"elementor-container elementor-column-gap-default\">\n\t\t\t\t\t<div class=\"elementor-column elementor-col-100 elementor-top-column elementor-element elementor-element-c52b09b\" data-id=\"c52b09b\" data-element_type=\"column\" data-e-type=\"column\">\n\t\t\t<div class=\"elementor-widget-wrap\">\n\t\t\t\t\t\t\t<\/div>\n\t\t<\/div>\n\t\t\t\t\t<\/div>\n\t\t<\/section>\n\t\t\t\t<section class=\"elementor-section elementor-top-section elementor-element elementor-element-7ba24e6 elementor-section-boxed elementor-section-height-default elementor-section-height-default\" data-id=\"7ba24e6\" data-element_type=\"section\" data-e-type=\"section\">\n\t\t\t\t\t\t<div class=\"elementor-container elementor-column-gap-default\">\n\t\t\t\t\t<div class=\"elementor-column elementor-col-100 elementor-top-column elementor-element elementor-element-4dfee49\" data-id=\"4dfee49\" data-element_type=\"column\" data-e-type=\"column\">\n\t\t\t<div class=\"elementor-widget-wrap elementor-element-populated\">\n\t\t\t\t\t\t<div class=\"elementor-element elementor-element-0202e23 elementor-widget elementor-widget-image-gallery\" data-id=\"0202e23\" data-element_type=\"widget\" data-e-type=\"widget\" data-widget_type=\"image-gallery.default\">\n\t\t\t\t<div class=\"elementor-widget-container\">\n\t\t\t\t\t\t\t<div class=\"elementor-image-gallery\">\n\t\t\t<div id='gallery-1' class='gallery galleryid-1461 gallery-columns-4 gallery-size-thumbnail'><figure class='gallery-item'>\n\t\t\t<div class='gallery-icon landscape'>\n\t\t\t\t<a data-elementor-open-lightbox=\"yes\" data-elementor-lightbox-slideshow=\"0202e23\" data-elementor-lightbox-title=\"_DSC8394\" data-e-action-hash=\"#elementor-action%3Aaction%3Dlightbox%26settings%3DeyJpZCI6MTQ1MSwidXJsIjoiaHR0cHM6XC9cL3d3dy5uZWJlcnNob2YuZGVcL3dwLWNvbnRlbnRcL3VwbG9hZHNcLzIwMjBcLzAyXC9EU0M4Mzk0LTEtc2NhbGVkLmpwZyIsInNsaWRlc2hvdyI6IjAyMDJlMjMifQ%3D%3D\" href='https:\/\/www.nebershof.de\/wp-content\/uploads\/2020\/02\/DSC8394-1-scaled.jpg'><img decoding=\"async\" width=\"150\" height=\"150\" src=\"https:\/\/www.nebershof.de\/wp-content\/uploads\/2020\/02\/DSC8394-1-150x150.jpg\" class=\"attachment-thumbnail size-thumbnail\" alt=\"\" \/><\/a>\n\t\t\t<\/div><\/figure><figure class='gallery-item'>\n\t\t\t<div class='gallery-icon landscape'>\n\t\t\t\t<a data-elementor-open-lightbox=\"yes\" data-elementor-lightbox-slideshow=\"0202e23\" data-elementor-lightbox-title=\"_DSC8339\" data-e-action-hash=\"#elementor-action%3Aaction%3Dlightbox%26settings%3DeyJpZCI6MTQ0OSwidXJsIjoiaHR0cHM6XC9cL3d3dy5uZWJlcnNob2YuZGVcL3dwLWNvbnRlbnRcL3VwbG9hZHNcLzIwMjBcLzAyXC9EU0M4MzM5LXNjYWxlZC5qcGciLCJzbGlkZXNob3ciOiIwMjAyZTIzIn0%3D\" href='https:\/\/www.nebershof.de\/wp-content\/uploads\/2020\/02\/DSC8339-scaled.jpg'><img decoding=\"async\" width=\"150\" height=\"150\" src=\"https:\/\/www.nebershof.de\/wp-content\/uploads\/2020\/02\/DSC8339-150x150.jpg\" class=\"attachment-thumbnail size-thumbnail\" alt=\"\" \/><\/a>\n\t\t\t<\/div><\/figure><figure class='gallery-item'>\n\t\t\t<div class='gallery-icon landscape'>\n\t\t\t\t<a data-elementor-open-lightbox=\"yes\" data-elementor-lightbox-slideshow=\"0202e23\" data-elementor-lightbox-title=\"SAM_1025\" data-e-action-hash=\"#elementor-action%3Aaction%3Dlightbox%26settings%3DeyJpZCI6MTQ0OCwidXJsIjoiaHR0cHM6XC9cL3d3dy5uZWJlcnNob2YuZGVcL3dwLWNvbnRlbnRcL3VwbG9hZHNcLzIwMjBcLzAyXC9TQU1fMTAyNS5qcGciLCJzbGlkZXNob3ciOiIwMjAyZTIzIn0%3D\" href='https:\/\/www.nebershof.de\/wp-content\/uploads\/2020\/02\/SAM_1025.jpg'><img decoding=\"async\" width=\"150\" height=\"150\" src=\"https:\/\/www.nebershof.de\/wp-content\/uploads\/2020\/02\/SAM_1025-150x150.jpg\" class=\"attachment-thumbnail size-thumbnail\" alt=\"\" \/><\/a>\n\t\t\t<\/div><\/figure><figure class='gallery-item'>\n\t\t\t<div class='gallery-icon landscape'>\n\t\t\t\t<a data-elementor-open-lightbox=\"yes\" data-elementor-lightbox-slideshow=\"0202e23\" data-elementor-lightbox-title=\"OLYMPUS DIGITAL CAMERA\" data-e-action-hash=\"#elementor-action%3Aaction%3Dlightbox%26settings%3DeyJpZCI6MTQ0NywidXJsIjoiaHR0cHM6XC9cL3d3dy5uZWJlcnNob2YuZGVcL3dwLWNvbnRlbnRcL3VwbG9hZHNcLzIwMjBcLzAyXC9QNTIyMDAzNS5qcGciLCJzbGlkZXNob3ciOiIwMjAyZTIzIn0%3D\" href='https:\/\/www.nebershof.de\/wp-content\/uploads\/2020\/02\/P5220035.jpg'><img loading=\"lazy\" decoding=\"async\" width=\"150\" height=\"150\" src=\"https:\/\/www.nebershof.de\/wp-content\/uploads\/2020\/02\/P5220035-150x150.jpg\" class=\"attachment-thumbnail size-thumbnail\" alt=\"\" \/><\/a>\n\t\t\t<\/div><\/figure><figure class='gallery-item'>\n\t\t\t<div class='gallery-icon landscape'>\n\t\t\t\t<a data-elementor-open-lightbox=\"yes\" data-elementor-lightbox-slideshow=\"0202e23\" data-elementor-lightbox-title=\"20170507_141905\" data-e-action-hash=\"#elementor-action%3Aaction%3Dlightbox%26settings%3DeyJpZCI6MTQzNiwidXJsIjoiaHR0cHM6XC9cL3d3dy5uZWJlcnNob2YuZGVcL3dwLWNvbnRlbnRcL3VwbG9hZHNcLzIwMjBcLzAyXC8yMDE3MDUwN18xNDE5MDUtc2NhbGVkLmpwZyIsInNsaWRlc2hvdyI6IjAyMDJlMjMifQ%3D%3D\" href='https:\/\/www.nebershof.de\/wp-content\/uploads\/2020\/02\/20170507_141905-scaled.jpg'><img loading=\"lazy\" decoding=\"async\" width=\"150\" height=\"150\" src=\"https:\/\/www.nebershof.de\/wp-content\/uploads\/2020\/02\/20170507_141905-150x150.jpg\" class=\"attachment-thumbnail size-thumbnail\" alt=\"\" \/><\/a>\n\t\t\t<\/div><\/figure><figure class='gallery-item'>\n\t\t\t<div class='gallery-icon portrait'>\n\t\t\t\t<a data-elementor-open-lightbox=\"yes\" data-elementor-lightbox-slideshow=\"0202e23\" data-elementor-lightbox-title=\"20170331_171010\" data-e-action-hash=\"#elementor-action%3Aaction%3Dlightbox%26settings%3DeyJpZCI6MTQzNSwidXJsIjoiaHR0cHM6XC9cL3d3dy5uZWJlcnNob2YuZGVcL3dwLWNvbnRlbnRcL3VwbG9hZHNcLzIwMjBcLzAyXC8yMDE3MDMzMV8xNzEwMTAtc2NhbGVkLmpwZyIsInNsaWRlc2hvdyI6IjAyMDJlMjMifQ%3D%3D\" href='https:\/\/www.nebershof.de\/wp-content\/uploads\/2020\/02\/20170331_171010-scaled.jpg'><img loading=\"lazy\" decoding=\"async\" width=\"150\" height=\"150\" src=\"https:\/\/www.nebershof.de\/wp-content\/uploads\/2020\/02\/20170331_171010-150x150.jpg\" class=\"attachment-thumbnail size-thumbnail\" alt=\"\" \/><\/a>\n\t\t\t<\/div><\/figure><figure class='gallery-item'>\n\t\t\t<div class='gallery-icon landscape'>\n\t\t\t\t<a data-elementor-open-lightbox=\"yes\" data-elementor-lightbox-slideshow=\"0202e23\" data-elementor-lightbox-title=\"985920_df0c842ee0\" data-e-action-hash=\"#elementor-action%3Aaction%3Dlightbox%26settings%3DeyJpZCI6MTQzNCwidXJsIjoiaHR0cHM6XC9cL3d3dy5uZWJlcnNob2YuZGVcL3dwLWNvbnRlbnRcL3VwbG9hZHNcLzIwMjBcLzAyXC85ODU5MjBfZGYwYzg0MmVlMC5qcGciLCJzbGlkZXNob3ciOiIwMjAyZTIzIn0%3D\" href='https:\/\/www.nebershof.de\/wp-content\/uploads\/2020\/02\/985920_df0c842ee0.jpg'><img loading=\"lazy\" decoding=\"async\" width=\"150\" height=\"150\" src=\"https:\/\/www.nebershof.de\/wp-content\/uploads\/2020\/02\/985920_df0c842ee0-150x150.jpg\" class=\"attachment-thumbnail size-thumbnail\" alt=\"\" \/><\/a>\n\t\t\t<\/div><\/figure><figure class='gallery-item'>\n\t\t\t<div class='gallery-icon landscape'>\n\t\t\t\t<a data-elementor-open-lightbox=\"yes\" data-elementor-lightbox-slideshow=\"0202e23\" data-elementor-lightbox-title=\"20190519_094653\" data-e-action-hash=\"#elementor-action%3Aaction%3Dlightbox%26settings%3DeyJpZCI6MTQzNywidXJsIjoiaHR0cHM6XC9cL3d3dy5uZWJlcnNob2YuZGVcL3dwLWNvbnRlbnRcL3VwbG9hZHNcLzIwMjBcLzAyXC8yMDE5MDUxOV8wOTQ2NTMtc2NhbGVkLmpwZyIsInNsaWRlc2hvdyI6IjAyMDJlMjMifQ%3D%3D\" href='https:\/\/www.nebershof.de\/wp-content\/uploads\/2020\/02\/20190519_094653-scaled.jpg'><img loading=\"lazy\" decoding=\"async\" width=\"150\" height=\"150\" src=\"https:\/\/www.nebershof.de\/wp-content\/uploads\/2020\/02\/20190519_094653-150x150.jpg\" class=\"attachment-thumbnail size-thumbnail\" alt=\"\" \/><\/a>\n\t\t\t<\/div><\/figure>\n\t\t<\/div>\n\t\t<\/div>\n\t\t\t\t\t\t<\/div>\n\t\t\t\t<\/div>\n\t\t\t\t\t<\/div>\n\t\t<\/div>\n\t\t\t\t\t<\/div>\n\t\t<\/section>\n\t\t\t\t<\/div>\n\t\t","protected":false},"excerpt":{"rendered":"<p>\u00d6kologische Landwirtschaft Seit 2010 haben wir den Holderhof in Riepe gepachtet der schon seit \u00fcber 30 Jahren nach den Demeter-Richtlinien als \u00d6kologischer Betrieb bewirtschaftet wird. Wir produzieren auf ca. 60 Hektar Roggen, Hafer, Futtergetreide, Buchweizen und Kleegras an. Auf unseren Wiesen halten wir Mutterk\u00fche und gewinnen das Winterfutter f\u00fcr K\u00fche und Pferde in Form von [&hellip;]<\/p>\n","protected":false},"author":1,"featured_media":0,"parent":0,"menu_order":0,"comment_status":"closed","ping_status":"closed","template":"","meta":{"site-sidebar-layout":"no-sidebar","site-content-layout":"plain-container","ast-site-content-layout":"default","site-content-style":"default","site-sidebar-style":"default","ast-global-header-display":"","ast-banner-title-visibility":"","ast-main-header-display":"","ast-hfb-above-header-display":"","ast-hfb-below-header-display":"","ast-hfb-mobile-header-display":"","site-post-title":"disabled","ast-breadcrumbs-content":"","ast-featured-img":"","footer-sml-layout":"","ast-disable-related-posts":"","theme-transparent-header-meta":"disabled","adv-header-id-meta":"","stick-header-meta":"","header-above-stick-meta":"","header-main-stick-meta":"","header-below-stick-meta":"","astra-migrate-meta-layouts":"default","ast-page-background-enabled":"default","ast-page-background-meta":{"desktop":{"background-color":"","background-image":"","background-repeat":"repeat","background-position":"center center","background-size":"auto","background-attachment":"scroll","background-type":"","background-media":"","overlay-type":"","overlay-color":"","overlay-opacity":"","overlay-gradient":""},"tablet":{"background-color":"","background-image":"","background-repeat":"repeat","background-position":"center center","background-size":"auto","background-attachment":"scroll","background-type":"","background-media":"","overlay-type":"","overlay-color":"","overlay-opacity":"","overlay-gradient":""},"mobile":{"background-color":"","background-image":"","background-repeat":"repeat","background-position":"center center","background-size":"auto","background-attachment":"scroll","background-type":"","background-media":"","overlay-type":"","overlay-color":"","overlay-opacity":"","overlay-gradient":""}},"ast-content-background-meta":{"desktop":{"background-color":"var(--ast-global-color-5)","background-image":"","background-repeat":"repeat","background-position":"center center","background-size":"auto","background-attachment":"scroll","background-type":"","background-media":"","overlay-type":"","overlay-color":"","overlay-opacity":"","overlay-gradient":""},"tablet":{"background-color":"var(--ast-global-color-5)","background-image":"","background-repeat":"repeat","background-position":"center center","background-size":"auto","background-attachment":"scroll","background-type":"","background-media":"","overlay-type":"","overlay-color":"","overlay-opacity":"","overlay-gradient":""},"mobile":{"background-color":"var(--ast-global-color-5)","background-image":"","background-repeat":"repeat","background-position":"center center","background-size":"auto","background-attachment":"scroll","background-type":"","background-media":"","overlay-type":"","overlay-color":"","overlay-opacity":"","overlay-gradient":""}},"footnotes":""},"class_list":["post-1461","page","type-page","status-publish","hentry"],"_links":{"self":[{"href":"https:\/\/www.nebershof.de\/index.php\/wp-json\/wp\/v2\/pages\/1461","targetHints":{"allow":["GET"]}}],"collection":[{"href":"https:\/\/www.nebershof.de\/index.php\/wp-json\/wp\/v2\/pages"}],"about":[{"href":"https:\/\/www.nebershof.de\/index.php\/wp-json\/wp\/v2\/types\/page"}],"author":[{"embeddable":true,"href":"https:\/\/www.nebershof.de\/index.php\/wp-json\/wp\/v2\/users\/1"}],"replies":[{"embeddable":true,"href":"https:\/\/www.nebershof.de\/index.php\/wp-json\/wp\/v2\/comments?post=1461"}],"version-history":[{"count":59,"href":"https:\/\/www.nebershof.de\/index.php\/wp-json\/wp\/v2\/pages\/1461\/revisions"}],"predecessor-version":[{"id":2030,"href":"https:\/\/www.nebershof.de\/index.php\/wp-json\/wp\/v2\/pages\/1461\/revisions\/2030"}],"wp:attachment":[{"href":"https:\/\/www.nebershof.de\/index.php\/wp-json\/wp\/v2\/media?parent=1461"}],"curies":[{"name":"wp","href":"https:\/\/api.w.org\/{rel}","templated":true}]}}