{"id":1537,"date":"2020-02-23T09:41:02","date_gmt":"2020-02-23T09:41:02","guid":{"rendered":"https:\/\/www.nebershof.de\/?page_id=1537"},"modified":"2024-02-27T19:55:40","modified_gmt":"2024-02-27T19:55:40","slug":"landschaftspflege","status":"publish","type":"page","link":"https:\/\/www.nebershof.de\/index.php\/landschaftspflege\/","title":{"rendered":"Landschaftspflege"},"content":{"rendered":"\t\t<div data-elementor-type=\"wp-page\" data-elementor-id=\"1537\" class=\"elementor elementor-1537\">\n\t\t\t\t\t\t<section class=\"elementor-section elementor-top-section elementor-element elementor-element-8675e7e elementor-section-boxed elementor-section-height-default elementor-section-height-default\" data-id=\"8675e7e\" data-element_type=\"section\" data-e-type=\"section\">\n\t\t\t\t\t\t<div class=\"elementor-container elementor-column-gap-default\">\n\t\t\t\t\t<div class=\"elementor-column elementor-col-100 elementor-top-column elementor-element elementor-element-1b742b1\" data-id=\"1b742b1\" data-element_type=\"column\" data-e-type=\"column\">\n\t\t\t<div class=\"elementor-widget-wrap elementor-element-populated\">\n\t\t\t\t\t\t<div class=\"elementor-element elementor-element-aafc90b elementor-widget elementor-widget-heading\" data-id=\"aafc90b\" data-element_type=\"widget\" data-e-type=\"widget\" data-widget_type=\"heading.default\">\n\t\t\t\t<div class=\"elementor-widget-container\">\n\t\t\t\t\t<h3 class=\"elementor-heading-title elementor-size-default\">Landschaftspflege mit echten PS<\/h3>\t\t\t\t<\/div>\n\t\t\t\t<\/div>\n\t\t\t\t\t<\/div>\n\t\t<\/div>\n\t\t\t\t\t<\/div>\n\t\t<\/section>\n\t\t\t\t<section class=\"elementor-section elementor-top-section elementor-element elementor-element-12be98d elementor-section-boxed elementor-section-height-default elementor-section-height-default\" data-id=\"12be98d\" data-element_type=\"section\" data-e-type=\"section\">\n\t\t\t\t\t\t<div class=\"elementor-container elementor-column-gap-default\">\n\t\t\t\t\t<div class=\"elementor-column elementor-col-100 elementor-top-column elementor-element elementor-element-33dc9e9\" data-id=\"33dc9e9\" data-element_type=\"column\" data-e-type=\"column\">\n\t\t\t<div class=\"elementor-widget-wrap elementor-element-populated\">\n\t\t\t\t\t\t<div class=\"elementor-element elementor-element-a87e9c9 elementor-widget elementor-widget-image\" data-id=\"a87e9c9\" data-element_type=\"widget\" data-e-type=\"widget\" data-widget_type=\"image.default\">\n\t\t\t\t<div class=\"elementor-widget-container\">\n\t\t\t\t\t\t\t\t\t\t\t\t\t\t\t<img fetchpriority=\"high\" decoding=\"async\" width=\"768\" height=\"511\" src=\"https:\/\/www.nebershof.de\/wp-content\/uploads\/2024\/02\/DSC_8360-768x511.jpg\" class=\"attachment-medium_large size-medium_large wp-image-2382\" alt=\"\" srcset=\"https:\/\/www.nebershof.de\/wp-content\/uploads\/2024\/02\/DSC_8360-768x511.jpg 768w, https:\/\/www.nebershof.de\/wp-content\/uploads\/2024\/02\/DSC_8360-300x200.jpg 300w, https:\/\/www.nebershof.de\/wp-content\/uploads\/2024\/02\/DSC_8360-1024x681.jpg 1024w, https:\/\/www.nebershof.de\/wp-content\/uploads\/2024\/02\/DSC_8360-1536x1022.jpg 1536w, https:\/\/www.nebershof.de\/wp-content\/uploads\/2024\/02\/DSC_8360-2048x1362.jpg 2048w\" sizes=\"(max-width: 768px) 100vw, 768px\" \/>\t\t\t\t\t\t\t\t\t\t\t\t\t\t\t<\/div>\n\t\t\t\t<\/div>\n\t\t\t\t\t<\/div>\n\t\t<\/div>\n\t\t\t\t\t<\/div>\n\t\t<\/section>\n\t\t\t\t<section class=\"elementor-section elementor-top-section elementor-element elementor-element-a1d9ef8 elementor-section-boxed elementor-section-height-default elementor-section-height-default\" data-id=\"a1d9ef8\" data-element_type=\"section\" data-e-type=\"section\">\n\t\t\t\t\t\t<div class=\"elementor-container elementor-column-gap-default\">\n\t\t\t\t\t<div class=\"elementor-column elementor-col-100 elementor-top-column elementor-element elementor-element-3f0fd61c\" data-id=\"3f0fd61c\" data-element_type=\"column\" data-e-type=\"column\">\n\t\t\t<div class=\"elementor-widget-wrap elementor-element-populated\">\n\t\t\t\t\t\t<div class=\"elementor-element elementor-element-b84aee7 elementor-widget elementor-widget-text-editor\" data-id=\"b84aee7\" data-element_type=\"widget\" data-e-type=\"widget\" data-widget_type=\"text-editor.default\">\n\t\t\t\t<div class=\"elementor-widget-container\">\n\t\t\t\t\t\t\t\t\t<div id=\"pl-1537\" class=\"panel-layout\"><div id=\"pg-1537-1\" class=\"panel-grid panel-no-style\" data-style=\"{&quot;background_image_attachment&quot;:false,&quot;background_display&quot;:&quot;tile&quot;,&quot;cell_alignment&quot;:&quot;flex-start&quot;}\" data-ratio=\"1\" data-ratio-direction=\"right\"><div id=\"pgc-1537-1-0\" class=\"panel-grid-cell\" data-weight=\"1\"><div id=\"panel-1537-1-0-0\" class=\"so-panel widget widget_sow-editor panel-first-child panel-last-child\" data-index=\"1\" data-style=\"{&quot;background_image_attachment&quot;:false,&quot;background_display&quot;:&quot;tile&quot;}\"><div class=\"so-widget-sow-editor so-widget-sow-editor-base\"><div class=\"siteorigin-widget-tinymce textwidget\"><h4>Warum Arbeitspferde<\/h4><p>Arbeitspferde haben im Vergleich zu modernen Maschinen viele Vorteile. Sie verbrauchen keine fossilen Brennstoffe, die bei Unf\u00e4llen ins Erdreich gelangen k\u00f6nnen. Sie verdichten den Boden nicht wie schwere Maschinen, was in sensiblen Bereichen im Naturschutz ein nicht zu untersch\u00e4tzender Vorteil ist.<\/p><p>Ausserdem wird durch die Nutzung der Arbeitspferde dieses Kulturgut vor dem Aussterben bewahrt und das Wissen f\u00fcr nachfolgende Generationen erhalten. Wir sind st\u00e4ndig bem\u00fcht, neue sinnvolle Aufgaben f\u00fcr unsere \u201cDicken Mitarbeiter\u201d zu finden. Dabei hat das Wohl der Pferde oberste Priorit\u00e4t. Unsere Auftraggeber sind z.B. die nieders\u00e4chsischen Landesforsten, die St\u00e4dte G\u00f6ttingen und Bad Fallingbostel, die Gemeinde Lauenbr\u00fcck und sogar Privatpersonen nehmen unsere Dienste in Anspruch<\/p><h4>Heide m\u00e4hen und entkusseln<\/h4><p>Im Naturschutzgebiet L\u00fcneburger Heide sind die Pferde die ideale Besetzung um unerw\u00fcnschten Kiefern- und Birkenaufwuchs einschliesslich der Wurzel zu entfernen und so ein Wiederausschlagen zu verhindern. Mit gut ausgebildeten Pferden sind dabei respektable Leistungen zu erreichen.<\/p><p>Unschlagbar sind die Arbeitspferde, wenn es um Vermeidung von Bodendruck und die Schonung der Heide geht. Besonders in touristisch stark frequentierten Bereichen werden die Arbeitspferde besser akzeptiert als Maschinen, die durch die Heide fahren.<\/p><h4>Rodung von Traubenkirschen<\/h4><p>Im Wald \u00fcberzeugen die Pferde bei der Bek\u00e4mpfung der Traubenkirsche durch ihre Wendigkeit und ihre Bodenschonung. Selbst wo es f\u00fcr gro\u00dfe Maschinen zu eng wird, kann mit den Pferden gearbeitet werden.<\/p><h4>M\u00e4hen von Gr\u00fcnland und Naturschutzwiesen<\/h4><p>Durch das langsame M\u00e4hen von naturnahen und Naturschutzwiesen haben dortige Tiere eine wesentlich gr\u00f6\u00dfere Chance zu \u00fcberleben, da es anders als bei modernen Schlepperm\u00e4hwerken zu keiner Sogwirkung kommt.<\/p><p>Ausserdem kommt es durch die Technik des Doppelmessers zu einem besseren Wiederaufwuchs, da die Pflanzen \u00e4hnlich wie bei einer Schere, gerade abgeschnitten und nicht wie bei Rotations- m\u00e4hwerken abgeschlagen werden. Je nach den Begebenheiten sind durchaus Fl\u00e4chenleistungen von bis zu 0,5 Hektar pro Stunde zu erreichen. Wir bieten das komplette Programm vom M\u00e4hen, Schwaden und dem Abr\u00e4umen der Fl\u00e4chen nur mit Pferdekraft an<\/p><p>\u00a0<\/p><\/div><\/div><\/div><\/div><\/div><\/div>\t\t\t\t\t\t\t\t<\/div>\n\t\t\t\t<\/div>\n\t\t\t\t\t<\/div>\n\t\t<\/div>\n\t\t\t\t\t<\/div>\n\t\t<\/section>\n\t\t\t\t<section class=\"elementor-section elementor-top-section elementor-element elementor-element-8e035b2 elementor-section-boxed elementor-section-height-default elementor-section-height-default\" data-id=\"8e035b2\" data-element_type=\"section\" data-e-type=\"section\">\n\t\t\t\t\t\t<div class=\"elementor-container elementor-column-gap-default\">\n\t\t\t\t\t<div class=\"elementor-column elementor-col-100 elementor-top-column elementor-element elementor-element-d36f9aa\" data-id=\"d36f9aa\" data-element_type=\"column\" data-e-type=\"column\">\n\t\t\t<div class=\"elementor-widget-wrap elementor-element-populated\">\n\t\t\t\t\t\t<div class=\"elementor-element elementor-element-6d3de24 elementor-widget elementor-widget-image-gallery\" data-id=\"6d3de24\" data-element_type=\"widget\" data-e-type=\"widget\" data-widget_type=\"image-gallery.default\">\n\t\t\t\t<div class=\"elementor-widget-container\">\n\t\t\t\t\t\t\t<div class=\"elementor-image-gallery\">\n\t\t\t<div id='gallery-1' class='gallery galleryid-1537 gallery-columns-4 gallery-size-thumbnail'><figure class='gallery-item'>\n\t\t\t<div class='gallery-icon landscape'>\n\t\t\t\t<a data-elementor-open-lightbox=\"yes\" data-elementor-lightbox-slideshow=\"6d3de24\" data-elementor-lightbox-title=\"IMG_0107\" data-e-action-hash=\"#elementor-action%3Aaction%3Dlightbox%26settings%3DeyJpZCI6MTkyMywidXJsIjoiaHR0cHM6XC9cL3d3dy5uZWJlcnNob2YuZGVcL3dwLWNvbnRlbnRcL3VwbG9hZHNcLzIwMjBcLzAzXC9JTUdfMDEwNy5qcGciLCJzbGlkZXNob3ciOiI2ZDNkZTI0In0%3D\" href='https:\/\/www.nebershof.de\/wp-content\/uploads\/2020\/03\/IMG_0107.jpg'><img decoding=\"async\" width=\"150\" height=\"150\" src=\"https:\/\/www.nebershof.de\/wp-content\/uploads\/2020\/03\/IMG_0107-150x150.jpg\" class=\"attachment-thumbnail size-thumbnail\" alt=\"\" aria-describedby=\"gallery-1-1923\" \/><\/a>\n\t\t\t<\/div>\n\t\t\t\t<figcaption class='wp-caption-text gallery-caption' id='gallery-1-1923'>\n\t\t\t\tHeide entkusseln\n\t\t\t\t<\/figcaption><\/figure><figure class='gallery-item'>\n\t\t\t<div class='gallery-icon landscape'>\n\t\t\t\t<a data-elementor-open-lightbox=\"yes\" data-elementor-lightbox-slideshow=\"6d3de24\" data-elementor-lightbox-title=\"IMG_0108\" data-e-action-hash=\"#elementor-action%3Aaction%3Dlightbox%26settings%3DeyJpZCI6MTkyNCwidXJsIjoiaHR0cHM6XC9cL3d3dy5uZWJlcnNob2YuZGVcL3dwLWNvbnRlbnRcL3VwbG9hZHNcLzIwMjBcLzAzXC9JTUdfMDEwOC5qcGciLCJzbGlkZXNob3ciOiI2ZDNkZTI0In0%3D\" href='https:\/\/www.nebershof.de\/wp-content\/uploads\/2020\/03\/IMG_0108.jpg'><img decoding=\"async\" width=\"150\" height=\"150\" src=\"https:\/\/www.nebershof.de\/wp-content\/uploads\/2020\/03\/IMG_0108-150x150.jpg\" class=\"attachment-thumbnail size-thumbnail\" alt=\"\" aria-describedby=\"gallery-1-1924\" \/><\/a>\n\t\t\t<\/div>\n\t\t\t\t<figcaption class='wp-caption-text gallery-caption' id='gallery-1-1924'>\n\t\t\t\tHeide entkusseln\n\t\t\t\t<\/figcaption><\/figure><figure class='gallery-item'>\n\t\t\t<div class='gallery-icon landscape'>\n\t\t\t\t<a data-elementor-open-lightbox=\"yes\" data-elementor-lightbox-slideshow=\"6d3de24\" data-elementor-lightbox-title=\"IMG-20231006-WA0012\" data-e-action-hash=\"#elementor-action%3Aaction%3Dlightbox%26settings%3DeyJpZCI6MjM3MywidXJsIjoiaHR0cHM6XC9cL3d3dy5uZWJlcnNob2YuZGVcL3dwLWNvbnRlbnRcL3VwbG9hZHNcLzIwMjRcLzAyXC9JTUctMjAyMzEwMDYtV0EwMDEyLmpwZyIsInNsaWRlc2hvdyI6IjZkM2RlMjQifQ%3D%3D\" href='https:\/\/www.nebershof.de\/wp-content\/uploads\/2024\/02\/IMG-20231006-WA0012.jpg'><img loading=\"lazy\" decoding=\"async\" width=\"150\" height=\"150\" src=\"https:\/\/www.nebershof.de\/wp-content\/uploads\/2024\/02\/IMG-20231006-WA0012-150x150.jpg\" class=\"attachment-thumbnail size-thumbnail\" alt=\"\" aria-describedby=\"gallery-1-2373\" \/><\/a>\n\t\t\t<\/div>\n\t\t\t\t<figcaption class='wp-caption-text gallery-caption' id='gallery-1-2373'>\n\t\t\t\tM\u00e4hen von Heide\n\t\t\t\t<\/figcaption><\/figure><figure class='gallery-item'>\n\t\t\t<div class='gallery-icon landscape'>\n\t\t\t\t<a data-elementor-open-lightbox=\"yes\" data-elementor-lightbox-slideshow=\"6d3de24\" data-elementor-lightbox-title=\"D50_4159\" data-e-action-hash=\"#elementor-action%3Aaction%3Dlightbox%26settings%3DeyJpZCI6MjM3NywidXJsIjoiaHR0cHM6XC9cL3d3dy5uZWJlcnNob2YuZGVcL3dwLWNvbnRlbnRcL3VwbG9hZHNcLzIwMjRcLzAyXC9ENTBfNDE1OS1zY2FsZWQuanBnIiwic2xpZGVzaG93IjoiNmQzZGUyNCJ9\" href='https:\/\/www.nebershof.de\/wp-content\/uploads\/2024\/02\/D50_4159-scaled.jpg'><img loading=\"lazy\" decoding=\"async\" width=\"150\" height=\"150\" src=\"https:\/\/www.nebershof.de\/wp-content\/uploads\/2024\/02\/D50_4159-150x150.jpg\" class=\"attachment-thumbnail size-thumbnail\" alt=\"\" aria-describedby=\"gallery-1-2377\" \/><\/a>\n\t\t\t<\/div>\n\t\t\t\t<figcaption class='wp-caption-text gallery-caption' id='gallery-1-2377'>\n\t\t\t\tSchwaden abgem\u00e4hter Heide\n\t\t\t\t<\/figcaption><\/figure><figure class='gallery-item'>\n\t\t\t<div class='gallery-icon landscape'>\n\t\t\t\t<a data-elementor-open-lightbox=\"yes\" data-elementor-lightbox-slideshow=\"6d3de24\" data-elementor-lightbox-title=\"DSC_8472\" data-e-action-hash=\"#elementor-action%3Aaction%3Dlightbox%26settings%3DeyJpZCI6MjM3NCwidXJsIjoiaHR0cHM6XC9cL3d3dy5uZWJlcnNob2YuZGVcL3dwLWNvbnRlbnRcL3VwbG9hZHNcLzIwMjRcLzAyXC9EU0NfODQ3Mi1zY2FsZWQuanBnIiwic2xpZGVzaG93IjoiNmQzZGUyNCJ9\" href='https:\/\/www.nebershof.de\/wp-content\/uploads\/2024\/02\/DSC_8472-scaled.jpg'><img loading=\"lazy\" decoding=\"async\" width=\"150\" height=\"150\" src=\"https:\/\/www.nebershof.de\/wp-content\/uploads\/2024\/02\/DSC_8472-150x150.jpg\" class=\"attachment-thumbnail size-thumbnail\" alt=\"\" aria-describedby=\"gallery-1-2374\" \/><\/a>\n\t\t\t<\/div>\n\t\t\t\t<figcaption class='wp-caption-text gallery-caption' id='gallery-1-2374'>\n\t\t\t\tM\u00e4hen von Naturschutzwiesen\n\t\t\t\t<\/figcaption><\/figure><figure class='gallery-item'>\n\t\t\t<div class='gallery-icon landscape'>\n\t\t\t\t<a data-elementor-open-lightbox=\"yes\" data-elementor-lightbox-slideshow=\"6d3de24\" data-elementor-lightbox-title=\"DSC_8539\" data-e-action-hash=\"#elementor-action%3Aaction%3Dlightbox%26settings%3DeyJpZCI6MjM3NSwidXJsIjoiaHR0cHM6XC9cL3d3dy5uZWJlcnNob2YuZGVcL3dwLWNvbnRlbnRcL3VwbG9hZHNcLzIwMjRcLzAyXC9EU0NfODUzOS1zY2FsZWQuanBnIiwic2xpZGVzaG93IjoiNmQzZGUyNCJ9\" href='https:\/\/www.nebershof.de\/wp-content\/uploads\/2024\/02\/DSC_8539-scaled.jpg'><img loading=\"lazy\" decoding=\"async\" width=\"150\" height=\"150\" src=\"https:\/\/www.nebershof.de\/wp-content\/uploads\/2024\/02\/DSC_8539-150x150.jpg\" class=\"attachment-thumbnail size-thumbnail\" alt=\"\" aria-describedby=\"gallery-1-2375\" \/><\/a>\n\t\t\t<\/div>\n\t\t\t\t<figcaption class='wp-caption-text gallery-caption' id='gallery-1-2375'>\n\t\t\t\tM\u00e4hen von Naturschutzwiesen\n\t\t\t\t<\/figcaption><\/figure><figure class='gallery-item'>\n\t\t\t<div class='gallery-icon landscape'>\n\t\t\t\t<a data-elementor-open-lightbox=\"yes\" data-elementor-lightbox-slideshow=\"6d3de24\" data-elementor-lightbox-title=\"DSC_8439\" data-e-action-hash=\"#elementor-action%3Aaction%3Dlightbox%26settings%3DeyJpZCI6MjM3NiwidXJsIjoiaHR0cHM6XC9cL3d3dy5uZWJlcnNob2YuZGVcL3dwLWNvbnRlbnRcL3VwbG9hZHNcLzIwMjRcLzAyXC9EU0NfODQzOS1zY2FsZWQuanBnIiwic2xpZGVzaG93IjoiNmQzZGUyNCJ9\" href='https:\/\/www.nebershof.de\/wp-content\/uploads\/2024\/02\/DSC_8439-scaled.jpg'><img loading=\"lazy\" decoding=\"async\" width=\"150\" height=\"150\" src=\"https:\/\/www.nebershof.de\/wp-content\/uploads\/2024\/02\/DSC_8439-150x150.jpg\" class=\"attachment-thumbnail size-thumbnail\" alt=\"\" aria-describedby=\"gallery-1-2376\" \/><\/a>\n\t\t\t<\/div>\n\t\t\t\t<figcaption class='wp-caption-text gallery-caption' id='gallery-1-2376'>\n\t\t\t\tM\u00e4hen von Naturschutzwiesen\n\t\t\t\t<\/figcaption><\/figure><figure class='gallery-item'>\n\t\t\t<div class='gallery-icon landscape'>\n\t\t\t\t<a data-elementor-open-lightbox=\"yes\" data-elementor-lightbox-slideshow=\"6d3de24\" data-elementor-lightbox-title=\"20200903_131223\" data-e-action-hash=\"#elementor-action%3Aaction%3Dlightbox%26settings%3DeyJpZCI6MjE2NSwidXJsIjoiaHR0cHM6XC9cL3d3dy5uZWJlcnNob2YuZGVcL3dwLWNvbnRlbnRcL3VwbG9hZHNcLzIwMjBcLzEyXC8yMDIwMDkwM18xMzEyMjMtc2NhbGVkLmpwZyIsInNsaWRlc2hvdyI6IjZkM2RlMjQifQ%3D%3D\" href='https:\/\/www.nebershof.de\/wp-content\/uploads\/2020\/12\/20200903_131223-scaled.jpg'><img loading=\"lazy\" decoding=\"async\" width=\"150\" height=\"150\" src=\"https:\/\/www.nebershof.de\/wp-content\/uploads\/2020\/12\/20200903_131223-150x150.jpg\" class=\"attachment-thumbnail size-thumbnail\" alt=\"\" aria-describedby=\"gallery-1-2165\" \/><\/a>\n\t\t\t<\/div>\n\t\t\t\t<figcaption class='wp-caption-text gallery-caption' id='gallery-1-2165'>\n\t\t\t\tSchwaden von Naturschutzwiesen\n\t\t\t\t<\/figcaption><\/figure><figure class='gallery-item'>\n\t\t\t<div class='gallery-icon landscape'>\n\t\t\t\t<a data-elementor-open-lightbox=\"yes\" data-elementor-lightbox-slideshow=\"6d3de24\" data-elementor-lightbox-title=\"IMG-20220311-WA0003\" data-e-action-hash=\"#elementor-action%3Aaction%3Dlightbox%26settings%3DeyJpZCI6MjM4NiwidXJsIjoiaHR0cHM6XC9cL3d3dy5uZWJlcnNob2YuZGVcL3dwLWNvbnRlbnRcL3VwbG9hZHNcLzIwMjRcLzAyXC9JTUctMjAyMjAzMTEtV0EwMDAzLmpwZyIsInNsaWRlc2hvdyI6IjZkM2RlMjQifQ%3D%3D\" href='https:\/\/www.nebershof.de\/wp-content\/uploads\/2024\/02\/IMG-20220311-WA0003.jpg'><img loading=\"lazy\" decoding=\"async\" width=\"150\" height=\"150\" src=\"https:\/\/www.nebershof.de\/wp-content\/uploads\/2024\/02\/IMG-20220311-WA0003-150x150.jpg\" class=\"attachment-thumbnail size-thumbnail\" alt=\"\" aria-describedby=\"gallery-1-2386\" \/><\/a>\n\t\t\t<\/div>\n\t\t\t\t<figcaption class='wp-caption-text gallery-caption' id='gallery-1-2386'>\n\t\t\t\tM\u00e4hgut abr\u00e4umen mit Ladewagen\n\t\t\t\t<\/figcaption><\/figure>\n\t\t<\/div>\n\t\t<\/div>\n\t\t\t\t\t\t<\/div>\n\t\t\t\t<\/div>\n\t\t\t\t\t<\/div>\n\t\t<\/div>\n\t\t\t\t\t<\/div>\n\t\t<\/section>\n\t\t\t\t<section class=\"elementor-section elementor-top-section elementor-element elementor-element-d7d6282 elementor-section-boxed elementor-section-height-default elementor-section-height-default\" data-id=\"d7d6282\" data-element_type=\"section\" data-e-type=\"section\">\n\t\t\t\t\t\t<div class=\"elementor-container elementor-column-gap-default\">\n\t\t\t\t\t<div class=\"elementor-column elementor-col-100 elementor-top-column elementor-element elementor-element-bc82cf4\" data-id=\"bc82cf4\" data-element_type=\"column\" data-e-type=\"column\">\n\t\t\t<div class=\"elementor-widget-wrap elementor-element-populated\">\n\t\t\t\t\t\t<div class=\"elementor-element elementor-element-177ffb2 elementor-widget elementor-widget-text-editor\" data-id=\"177ffb2\" data-element_type=\"widget\" data-e-type=\"widget\" data-widget_type=\"text-editor.default\">\n\t\t\t\t<div class=\"elementor-widget-container\">\n\t\t\t\t\t\t\t\t\t<p><a href=\"https:\/\/www.youtube.com\/watch?v=SoZU3PHFgZ8\" target=\"_blank\" rel=\"noopener\">Video hier klicken<\/a><\/p>\t\t\t\t\t\t\t\t<\/div>\n\t\t\t\t<\/div>\n\t\t\t\t\t<\/div>\n\t\t<\/div>\n\t\t\t\t\t<\/div>\n\t\t<\/section>\n\t\t\t\t<\/div>\n\t\t","protected":false},"excerpt":{"rendered":"<p>Landschaftspflege mit echten PS Warum Arbeitspferde Arbeitspferde haben im Vergleich zu modernen Maschinen viele Vorteile. Sie verbrauchen keine fossilen Brennstoffe, die bei Unf\u00e4llen ins Erdreich gelangen k\u00f6nnen. Sie verdichten den Boden nicht wie schwere Maschinen, was in sensiblen Bereichen im Naturschutz ein nicht zu untersch\u00e4tzender Vorteil ist. Ausserdem wird durch die Nutzung der Arbeitspferde dieses [&hellip;]<\/p>\n","protected":false},"author":1,"featured_media":0,"parent":0,"menu_order":0,"comment_status":"closed","ping_status":"closed","template":"","meta":{"site-sidebar-layout":"no-sidebar","site-content-layout":"plain-container","ast-site-content-layout":"default","site-content-style":"default","site-sidebar-style":"default","ast-global-header-display":"","ast-banner-title-visibility":"","ast-main-header-display":"","ast-hfb-above-header-display":"","ast-hfb-below-header-display":"","ast-hfb-mobile-header-display":"","site-post-title":"disabled","ast-breadcrumbs-content":"","ast-featured-img":"","footer-sml-layout":"","ast-disable-related-posts":"","theme-transparent-header-meta":"default","adv-header-id-meta":"","stick-header-meta":"","header-above-stick-meta":"","header-main-stick-meta":"","header-below-stick-meta":"","astra-migrate-meta-layouts":"default","ast-page-background-enabled":"default","ast-page-background-meta":{"desktop":{"background-color":"","background-image":"","background-repeat":"repeat","background-position":"center center","background-size":"auto","background-attachment":"scroll","background-type":"","background-media":"","overlay-type":"","overlay-color":"","overlay-opacity":"","overlay-gradient":""},"tablet":{"background-color":"","background-image":"","background-repeat":"repeat","background-position":"center center","background-size":"auto","background-attachment":"scroll","background-type":"","background-media":"","overlay-type":"","overlay-color":"","overlay-opacity":"","overlay-gradient":""},"mobile":{"background-color":"","background-image":"","background-repeat":"repeat","background-position":"center center","background-size":"auto","background-attachment":"scroll","background-type":"","background-media":"","overlay-type":"","overlay-color":"","overlay-opacity":"","overlay-gradient":""}},"ast-content-background-meta":{"desktop":{"background-color":"var(--ast-global-color-5)","background-image":"","background-repeat":"repeat","background-position":"center center","background-size":"auto","background-attachment":"scroll","background-type":"","background-media":"","overlay-type":"","overlay-color":"","overlay-opacity":"","overlay-gradient":""},"tablet":{"background-color":"var(--ast-global-color-5)","background-image":"","background-repeat":"repeat","background-position":"center center","background-size":"auto","background-attachment":"scroll","background-type":"","background-media":"","overlay-type":"","overlay-color":"","overlay-opacity":"","overlay-gradient":""},"mobile":{"background-color":"var(--ast-global-color-5)","background-image":"","background-repeat":"repeat","background-position":"center center","background-size":"auto","background-attachment":"scroll","background-type":"","background-media":"","overlay-type":"","overlay-color":"","overlay-opacity":"","overlay-gradient":""}},"footnotes":""},"class_list":["post-1537","page","type-page","status-publish","hentry"],"_links":{"self":[{"href":"https:\/\/www.nebershof.de\/index.php\/wp-json\/wp\/v2\/pages\/1537","targetHints":{"allow":["GET"]}}],"collection":[{"href":"https:\/\/www.nebershof.de\/index.php\/wp-json\/wp\/v2\/pages"}],"about":[{"href":"https:\/\/www.nebershof.de\/index.php\/wp-json\/wp\/v2\/types\/page"}],"author":[{"embeddable":true,"href":"https:\/\/www.nebershof.de\/index.php\/wp-json\/wp\/v2\/users\/1"}],"replies":[{"embeddable":true,"href":"https:\/\/www.nebershof.de\/index.php\/wp-json\/wp\/v2\/comments?post=1537"}],"version-history":[{"count":59,"href":"https:\/\/www.nebershof.de\/index.php\/wp-json\/wp\/v2\/pages\/1537\/revisions"}],"predecessor-version":[{"id":2389,"href":"https:\/\/www.nebershof.de\/index.php\/wp-json\/wp\/v2\/pages\/1537\/revisions\/2389"}],"wp:attachment":[{"href":"https:\/\/www.nebershof.de\/index.php\/wp-json\/wp\/v2\/media?parent=1537"}],"curies":[{"name":"wp","href":"https:\/\/api.w.org\/{rel}","templated":true}]}}