{"id":1629,"date":"2020-02-23T13:56:27","date_gmt":"2020-02-23T13:56:27","guid":{"rendered":"https:\/\/www.nebershof.de\/?page_id=1629"},"modified":"2023-11-23T19:05:48","modified_gmt":"2023-11-23T19:05:48","slug":"arbeitspferde","status":"publish","type":"page","link":"https:\/\/www.nebershof.de\/index.php\/arbeitspferde\/","title":{"rendered":"Arbeitspferde"},"content":{"rendered":"\t\t<div data-elementor-type=\"wp-page\" data-elementor-id=\"1629\" class=\"elementor elementor-1629\">\n\t\t\t\t\t\t<section class=\"elementor-section elementor-top-section elementor-element elementor-element-f5dcdb2 elementor-section-boxed elementor-section-height-default elementor-section-height-default\" data-id=\"f5dcdb2\" data-element_type=\"section\" data-e-type=\"section\">\n\t\t\t\t\t\t<div class=\"elementor-container elementor-column-gap-default\">\n\t\t\t\t\t<div class=\"elementor-column elementor-col-100 elementor-top-column elementor-element elementor-element-1d3bdef\" data-id=\"1d3bdef\" data-element_type=\"column\" data-e-type=\"column\">\n\t\t\t<div class=\"elementor-widget-wrap elementor-element-populated\">\n\t\t\t\t\t\t<div class=\"elementor-element elementor-element-3857292 elementor-widget elementor-widget-heading\" data-id=\"3857292\" data-element_type=\"widget\" data-e-type=\"widget\" data-widget_type=\"heading.default\">\n\t\t\t\t<div class=\"elementor-widget-container\">\n\t\t\t\t\t<h3 class=\"elementor-heading-title elementor-size-default\">Schleswiger Kaltblut \u2013 unsere Arbeitspferde<\/h3>\t\t\t\t<\/div>\n\t\t\t\t<\/div>\n\t\t\t\t\t<\/div>\n\t\t<\/div>\n\t\t\t\t\t<\/div>\n\t\t<\/section>\n\t\t\t\t<section class=\"elementor-section elementor-top-section elementor-element elementor-element-6440a55 elementor-section-boxed elementor-section-height-default elementor-section-height-default\" data-id=\"6440a55\" data-element_type=\"section\" data-e-type=\"section\">\n\t\t\t\t\t\t<div class=\"elementor-container elementor-column-gap-default\">\n\t\t\t\t\t<div class=\"elementor-column elementor-col-100 elementor-top-column elementor-element elementor-element-1e444ea\" data-id=\"1e444ea\" data-element_type=\"column\" data-e-type=\"column\">\n\t\t\t<div class=\"elementor-widget-wrap elementor-element-populated\">\n\t\t\t\t\t\t<div class=\"elementor-element elementor-element-53be6f4 elementor-widget elementor-widget-image\" data-id=\"53be6f4\" data-element_type=\"widget\" data-e-type=\"widget\" data-widget_type=\"image.default\">\n\t\t\t\t<div class=\"elementor-widget-container\">\n\t\t\t\t\t\t\t\t\t\t\t\t\t\t\t<img fetchpriority=\"high\" decoding=\"async\" width=\"768\" height=\"576\" src=\"https:\/\/www.nebershof.de\/wp-content\/uploads\/2020\/03\/IMG-20190901-WA0020-768x576.png\" class=\"attachment-medium_large size-medium_large wp-image-1867\" alt=\"\" srcset=\"https:\/\/www.nebershof.de\/wp-content\/uploads\/2020\/03\/IMG-20190901-WA0020-768x576.png 768w, https:\/\/www.nebershof.de\/wp-content\/uploads\/2020\/03\/IMG-20190901-WA0020-300x225.png 300w, https:\/\/www.nebershof.de\/wp-content\/uploads\/2020\/03\/IMG-20190901-WA0020-1024x768.png 1024w, https:\/\/www.nebershof.de\/wp-content\/uploads\/2020\/03\/IMG-20190901-WA0020-1536x1152.png 1536w, https:\/\/www.nebershof.de\/wp-content\/uploads\/2020\/03\/IMG-20190901-WA0020.png 1600w\" sizes=\"(max-width: 768px) 100vw, 768px\" \/>\t\t\t\t\t\t\t\t\t\t\t\t\t\t\t<\/div>\n\t\t\t\t<\/div>\n\t\t\t\t\t<\/div>\n\t\t<\/div>\n\t\t\t\t\t<\/div>\n\t\t<\/section>\n\t\t\t\t<section class=\"elementor-section elementor-top-section elementor-element elementor-element-12f4e3a7 elementor-section-boxed elementor-section-height-default elementor-section-height-default\" data-id=\"12f4e3a7\" data-element_type=\"section\" data-e-type=\"section\">\n\t\t\t\t\t\t<div class=\"elementor-container elementor-column-gap-default\">\n\t\t\t\t\t<div class=\"elementor-column elementor-col-100 elementor-top-column elementor-element elementor-element-4aee7507\" data-id=\"4aee7507\" data-element_type=\"column\" data-e-type=\"column\">\n\t\t\t<div class=\"elementor-widget-wrap elementor-element-populated\">\n\t\t\t\t\t\t<div class=\"elementor-element elementor-element-14f8ebb3 elementor-widget elementor-widget-text-editor\" data-id=\"14f8ebb3\" data-element_type=\"widget\" data-e-type=\"widget\" data-widget_type=\"text-editor.default\">\n\t\t\t\t<div class=\"elementor-widget-container\">\n\t\t\t\t\t\t\t\t\t<div id=\"pl-1629\" class=\"panel-layout\"><div id=\"pg-1629-1\" class=\"panel-grid panel-no-style\" data-style=\"{\" data-ratio=\"1\" data-ratio-direction=\"right\"><div id=\"pgc-1629-1-0\" class=\"panel-grid-cell\" data-weight=\"1\"><div id=\"panel-1629-1-0-0\" class=\"so-panel widget widget_sow-editor panel-first-child panel-last-child\" data-index=\"1\" data-style=\"{\"><div class=\"so-widget-sow-editor so-widget-sow-editor-base\"><div class=\"siteorigin-widget-tinymce textwidget\"><p>Seit 2010 Z\u00fcchten und Arbeiten wir mit Schleswiger Kaltblut. Das Schleswiger Kaltblut ist ein norddeutsches, mittelschweres Kaltblut. Seit Anfang des 20. Jahrhunderts wurden Schleswiger haupts\u00e4chlich als Arbeitspferde in der Land- und Forstwirtschaft gez\u00fcchtet. Von ehemals 25.000 eingetragenen Stuten sind heute nur noch ca. 200 Stuten eingetragen. Somit gilt das Schleswiger Kaltblut als stark gef\u00e4hrdet. Durch seine Ruhe, Lernwillen und Umg\u00e4nglichkeit hat es unser Herz im Sturm erobert.<\/p><p>2011 kam das erste Fohlen bei uns auf die Welt, unsere Anni. Ein Jahr sp\u00e4ter folgte ihre Vollschwester Beeke. Die beiden sind heute ein Gespann, das f\u00fcr Kutschfahrten, Landwirtschaftliche Arbeiten und in der Landschaftspflege eingesetzt wird. 2019 haben beide jeweils ein Fohlen bekommen, Nils und Nele.<\/p><p>Seit 2016 bieten wir zweimal im Jahr ein Ackertraining-Schnupperkurs an, alle die da Feuer gefangen haben unterst\u00fctzen wir\u00a0 beim erlernen sicherer und professioneler\u00a0 landwirtschaftlicher Pferdearbeit.<\/p><p style=\"text-align: left;\">Uns finden sie auf Hoffesten, M\u00fchlentagen und \u00e4hnlichen Veranstaltungen. Dort f\u00fchren wir vor, wie das Arbeitspferd auch heute noch eingesetzt werden kann.<\/p><\/div><\/div><\/div><\/div><\/div><\/div>\t\t\t\t\t\t\t\t<\/div>\n\t\t\t\t<\/div>\n\t\t\t\t\t<\/div>\n\t\t<\/div>\n\t\t\t\t\t<\/div>\n\t\t<\/section>\n\t\t\t\t<section class=\"elementor-section elementor-top-section elementor-element elementor-element-21eebd3 elementor-section-boxed elementor-section-height-default elementor-section-height-default\" data-id=\"21eebd3\" data-element_type=\"section\" data-e-type=\"section\">\n\t\t\t\t\t\t<div class=\"elementor-container elementor-column-gap-default\">\n\t\t\t\t\t<div class=\"elementor-column elementor-col-100 elementor-top-column elementor-element elementor-element-a397a87\" data-id=\"a397a87\" data-element_type=\"column\" data-e-type=\"column\">\n\t\t\t<div class=\"elementor-widget-wrap elementor-element-populated\">\n\t\t\t\t\t\t<div class=\"elementor-element elementor-element-2a7bb7a elementor-widget elementor-widget-image-gallery\" data-id=\"2a7bb7a\" data-element_type=\"widget\" data-e-type=\"widget\" data-widget_type=\"image-gallery.default\">\n\t\t\t\t<div class=\"elementor-widget-container\">\n\t\t\t\t\t\t\t<div class=\"elementor-image-gallery\">\n\t\t\t<div id='gallery-1' class='gallery galleryid-1629 gallery-columns-4 gallery-size-thumbnail'><figure class='gallery-item'>\n\t\t\t<div class='gallery-icon landscape'>\n\t\t\t\t<a data-elementor-open-lightbox=\"yes\" data-elementor-lightbox-slideshow=\"2a7bb7a\" data-elementor-lightbox-title=\"OLYMPUS DIGITAL CAMERA\" data-e-action-hash=\"#elementor-action%3Aaction%3Dlightbox%26settings%3DeyJpZCI6MTQ0NiwidXJsIjoiaHR0cHM6XC9cL3d3dy5uZWJlcnNob2YuZGVcL3dwLWNvbnRlbnRcL3VwbG9hZHNcLzIwMjBcLzAyXC9QMjI3MDAzNy5qcGciLCJzbGlkZXNob3ciOiIyYTdiYjdhIn0%3D\" href='https:\/\/www.nebershof.de\/wp-content\/uploads\/2020\/02\/P2270037.jpg'><img decoding=\"async\" width=\"150\" height=\"150\" src=\"https:\/\/www.nebershof.de\/wp-content\/uploads\/2020\/02\/P2270037-150x150.jpg\" class=\"attachment-thumbnail size-thumbnail\" alt=\"\" aria-describedby=\"gallery-1-1446\" \/><\/a>\n\t\t\t<\/div>\n\t\t\t\t<figcaption class='wp-caption-text gallery-caption' id='gallery-1-1446'>\n\t\t\t\tRia und Beeke\n\t\t\t\t<\/figcaption><\/figure><figure class='gallery-item'>\n\t\t\t<div class='gallery-icon landscape'>\n\t\t\t\t<a data-elementor-open-lightbox=\"yes\" data-elementor-lightbox-slideshow=\"2a7bb7a\" data-elementor-lightbox-title=\"20190531_161520\" data-e-action-hash=\"#elementor-action%3Aaction%3Dlightbox%26settings%3DeyJpZCI6MTY1MSwidXJsIjoiaHR0cHM6XC9cL3d3dy5uZWJlcnNob2YuZGVcL3dwLWNvbnRlbnRcL3VwbG9hZHNcLzIwMjBcLzAyXC8yMDE5MDUzMV8xNjE1MjAucG5nIiwic2xpZGVzaG93IjoiMmE3YmI3YSJ9\" href='https:\/\/www.nebershof.de\/wp-content\/uploads\/2020\/02\/20190531_161520.png'><img decoding=\"async\" width=\"150\" height=\"150\" src=\"https:\/\/www.nebershof.de\/wp-content\/uploads\/2020\/02\/20190531_161520-150x150.png\" class=\"attachment-thumbnail size-thumbnail\" alt=\"\" aria-describedby=\"gallery-1-1651\" \/><\/a>\n\t\t\t<\/div>\n\t\t\t\t<figcaption class='wp-caption-text gallery-caption' id='gallery-1-1651'>\n\t\t\t\tAnni und Beeke mit Nele und Nils\n\t\t\t\t<\/figcaption><\/figure><figure class='gallery-item'>\n\t\t\t<div class='gallery-icon portrait'>\n\t\t\t\t<a data-elementor-open-lightbox=\"yes\" data-elementor-lightbox-slideshow=\"2a7bb7a\" data-elementor-lightbox-title=\"IMG-20190629-WA0002\" data-e-action-hash=\"#elementor-action%3Aaction%3Dlightbox%26settings%3DeyJpZCI6MTQ0MSwidXJsIjoiaHR0cHM6XC9cL3d3dy5uZWJlcnNob2YuZGVcL3dwLWNvbnRlbnRcL3VwbG9hZHNcLzIwMjBcLzAyXC9JTUctMjAxOTA2MjktV0EwMDAyLmpwZyIsInNsaWRlc2hvdyI6IjJhN2JiN2EifQ%3D%3D\" href='https:\/\/www.nebershof.de\/wp-content\/uploads\/2020\/02\/IMG-20190629-WA0002.jpg'><img loading=\"lazy\" decoding=\"async\" width=\"150\" height=\"150\" src=\"https:\/\/www.nebershof.de\/wp-content\/uploads\/2020\/02\/IMG-20190629-WA0002-150x150.jpg\" class=\"attachment-thumbnail size-thumbnail\" alt=\"\" aria-describedby=\"gallery-1-1441\" \/><\/a>\n\t\t\t<\/div>\n\t\t\t\t<figcaption class='wp-caption-text gallery-caption' id='gallery-1-1441'>\n\t\t\t\tNils und Nele\n\t\t\t\t<\/figcaption><\/figure><figure class='gallery-item'>\n\t\t\t<div class='gallery-icon landscape'>\n\t\t\t\t<a data-elementor-open-lightbox=\"yes\" data-elementor-lightbox-slideshow=\"2a7bb7a\" data-elementor-lightbox-title=\"P1340895\" data-e-action-hash=\"#elementor-action%3Aaction%3Dlightbox%26settings%3DeyJpZCI6MTQ0NSwidXJsIjoiaHR0cHM6XC9cL3d3dy5uZWJlcnNob2YuZGVcL3dwLWNvbnRlbnRcL3VwbG9hZHNcLzIwMjBcLzAyXC9QMTM0MDg5NS1zY2FsZWQuanBnIiwic2xpZGVzaG93IjoiMmE3YmI3YSJ9\" href='https:\/\/www.nebershof.de\/wp-content\/uploads\/2020\/02\/P1340895-scaled.jpg'><img loading=\"lazy\" decoding=\"async\" width=\"150\" height=\"150\" src=\"https:\/\/www.nebershof.de\/wp-content\/uploads\/2020\/02\/P1340895-150x150.jpg\" class=\"attachment-thumbnail size-thumbnail\" alt=\"\" aria-describedby=\"gallery-1-1445\" \/><\/a>\n\t\t\t<\/div>\n\t\t\t\t<figcaption class='wp-caption-text gallery-caption' id='gallery-1-1445'>\n\t\t\t\tAckertraining Schnupperkurs\n\t\t\t\t<\/figcaption><\/figure><figure class='gallery-item'>\n\t\t\t<div class='gallery-icon landscape'>\n\t\t\t\t<a data-elementor-open-lightbox=\"yes\" data-elementor-lightbox-slideshow=\"2a7bb7a\" data-elementor-lightbox-title=\"lockscreen_wallpaper\" data-e-action-hash=\"#elementor-action%3Aaction%3Dlightbox%26settings%3DeyJpZCI6MTQ0NCwidXJsIjoiaHR0cHM6XC9cL3d3dy5uZWJlcnNob2YuZGVcL3dwLWNvbnRlbnRcL3VwbG9hZHNcLzIwMjBcLzAyXC9sb2Nrc2NyZWVuX3dhbGxwYXBlci5qcGciLCJzbGlkZXNob3ciOiIyYTdiYjdhIn0%3D\" href='https:\/\/www.nebershof.de\/wp-content\/uploads\/2020\/02\/lockscreen_wallpaper.jpg'><img loading=\"lazy\" decoding=\"async\" width=\"150\" height=\"150\" src=\"https:\/\/www.nebershof.de\/wp-content\/uploads\/2020\/02\/lockscreen_wallpaper-150x150.jpg\" class=\"attachment-thumbnail size-thumbnail\" alt=\"\" aria-describedby=\"gallery-1-1444\" srcset=\"https:\/\/www.nebershof.de\/wp-content\/uploads\/2020\/02\/lockscreen_wallpaper-150x150.jpg 150w, https:\/\/www.nebershof.de\/wp-content\/uploads\/2020\/02\/lockscreen_wallpaper-300x300.jpg 300w, https:\/\/www.nebershof.de\/wp-content\/uploads\/2020\/02\/lockscreen_wallpaper-1024x1024.jpg 1024w, https:\/\/www.nebershof.de\/wp-content\/uploads\/2020\/02\/lockscreen_wallpaper-768x768.jpg 768w, https:\/\/www.nebershof.de\/wp-content\/uploads\/2020\/02\/lockscreen_wallpaper.jpg 1536w\" sizes=\"(max-width: 150px) 100vw, 150px\" \/><\/a>\n\t\t\t<\/div>\n\t\t\t\t<figcaption class='wp-caption-text gallery-caption' id='gallery-1-1444'>\n\t\t\t\tM\u00fchlenfest Sprengel\n\t\t\t\t<\/figcaption><\/figure><figure class='gallery-item'>\n\t\t\t<div class='gallery-icon landscape'>\n\t\t\t\t<a data-elementor-open-lightbox=\"yes\" data-elementor-lightbox-slideshow=\"2a7bb7a\" data-elementor-lightbox-title=\"1550388034792_M\u00fchlenfest Bardowick 2018016\" data-e-action-hash=\"#elementor-action%3Aaction%3Dlightbox%26settings%3DeyJpZCI6MTQzOSwidXJsIjoiaHR0cHM6XC9cL3d3dy5uZWJlcnNob2YuZGVcL3dwLWNvbnRlbnRcL3VwbG9hZHNcLzIwMjBcLzAyXC8xNTUwMzg4MDM0NzkyX01cdTAwZmNobGVuZmVzdC1CYXJkb3dpY2stMjAxODAxNi5qcGciLCJzbGlkZXNob3ciOiIyYTdiYjdhIn0%3D\" href='https:\/\/www.nebershof.de\/wp-content\/uploads\/2020\/02\/1550388034792_M\u00fchlenfest-Bardowick-2018016.jpg'><img loading=\"lazy\" decoding=\"async\" width=\"150\" height=\"150\" src=\"https:\/\/www.nebershof.de\/wp-content\/uploads\/2020\/02\/1550388034792_M\u00fchlenfest-Bardowick-2018016-150x150.jpg\" class=\"attachment-thumbnail size-thumbnail\" alt=\"\" \/><\/a>\n\t\t\t<\/div><\/figure><figure class='gallery-item'>\n\t\t\t<div class='gallery-icon landscape'>\n\t\t\t\t<a data-elementor-open-lightbox=\"yes\" data-elementor-lightbox-slideshow=\"2a7bb7a\" data-elementor-lightbox-title=\"SAM_1025\" data-e-action-hash=\"#elementor-action%3Aaction%3Dlightbox%26settings%3DeyJpZCI6MTQ0OCwidXJsIjoiaHR0cHM6XC9cL3d3dy5uZWJlcnNob2YuZGVcL3dwLWNvbnRlbnRcL3VwbG9hZHNcLzIwMjBcLzAyXC9TQU1fMTAyNS5qcGciLCJzbGlkZXNob3ciOiIyYTdiYjdhIn0%3D\" href='https:\/\/www.nebershof.de\/wp-content\/uploads\/2020\/02\/SAM_1025.jpg'><img loading=\"lazy\" decoding=\"async\" width=\"150\" height=\"150\" src=\"https:\/\/www.nebershof.de\/wp-content\/uploads\/2020\/02\/SAM_1025-150x150.jpg\" class=\"attachment-thumbnail size-thumbnail\" alt=\"\" \/><\/a>\n\t\t\t<\/div><\/figure><figure class='gallery-item'>\n\t\t\t<div class='gallery-icon landscape'>\n\t\t\t\t<a data-elementor-open-lightbox=\"yes\" data-elementor-lightbox-slideshow=\"2a7bb7a\" data-elementor-lightbox-title=\"DSC_6833\" data-e-action-hash=\"#elementor-action%3Aaction%3Dlightbox%26settings%3DeyJpZCI6MjE2MSwidXJsIjoiaHR0cHM6XC9cL3d3dy5uZWJlcnNob2YuZGVcL3dwLWNvbnRlbnRcL3VwbG9hZHNcLzIwMjBcLzEyXC9EU0NfNjgzMy5qcGciLCJzbGlkZXNob3ciOiIyYTdiYjdhIn0%3D\" href='https:\/\/www.nebershof.de\/wp-content\/uploads\/2020\/12\/DSC_6833.jpg'><img loading=\"lazy\" decoding=\"async\" width=\"150\" height=\"150\" src=\"https:\/\/www.nebershof.de\/wp-content\/uploads\/2020\/12\/DSC_6833-150x150.jpg\" class=\"attachment-thumbnail size-thumbnail\" alt=\"\" \/><\/a>\n\t\t\t<\/div><\/figure><figure class='gallery-item'>\n\t\t\t<div class='gallery-icon landscape'>\n\t\t\t\t<a data-elementor-open-lightbox=\"yes\" data-elementor-lightbox-slideshow=\"2a7bb7a\" data-elementor-lightbox-title=\"IMG_4426\" data-e-action-hash=\"#elementor-action%3Aaction%3Dlightbox%26settings%3DeyJpZCI6MjE2OCwidXJsIjoiaHR0cHM6XC9cL3d3dy5uZWJlcnNob2YuZGVcL3dwLWNvbnRlbnRcL3VwbG9hZHNcLzIwMjBcLzEyXC9JTUdfNDQyNi5qcGciLCJzbGlkZXNob3ciOiIyYTdiYjdhIn0%3D\" href='https:\/\/www.nebershof.de\/wp-content\/uploads\/2020\/12\/IMG_4426.jpg'><img loading=\"lazy\" decoding=\"async\" width=\"150\" height=\"150\" src=\"https:\/\/www.nebershof.de\/wp-content\/uploads\/2020\/12\/IMG_4426-150x150.jpg\" class=\"attachment-thumbnail size-thumbnail\" alt=\"\" aria-describedby=\"gallery-1-2168\" \/><\/a>\n\t\t\t<\/div>\n\t\t\t\t<figcaption class='wp-caption-text gallery-caption' id='gallery-1-2168'>\n\t\t\t\tvon links nach rechts: Beeke, Ria, Dina, Anni\n\t\t\t\t<\/figcaption><\/figure><figure class='gallery-item'>\n\t\t\t<div class='gallery-icon landscape'>\n\t\t\t\t<a data-elementor-open-lightbox=\"yes\" data-elementor-lightbox-slideshow=\"2a7bb7a\" data-elementor-lightbox-title=\"P1340948\" data-e-action-hash=\"#elementor-action%3Aaction%3Dlightbox%26settings%3DeyJpZCI6MjE3NiwidXJsIjoiaHR0cHM6XC9cL3d3dy5uZWJlcnNob2YuZGVcL3dwLWNvbnRlbnRcL3VwbG9hZHNcLzIwMjBcLzEyXC9QMTM0MDk0OC1zY2FsZWQuanBnIiwic2xpZGVzaG93IjoiMmE3YmI3YSJ9\" href='https:\/\/www.nebershof.de\/wp-content\/uploads\/2020\/12\/P1340948-scaled.jpg'><img loading=\"lazy\" decoding=\"async\" width=\"150\" height=\"150\" src=\"https:\/\/www.nebershof.de\/wp-content\/uploads\/2020\/12\/P1340948-150x150.jpg\" class=\"attachment-thumbnail size-thumbnail\" alt=\"\" aria-describedby=\"gallery-1-2176\" \/><\/a>\n\t\t\t<\/div>\n\t\t\t\t<figcaption class='wp-caption-text gallery-caption' id='gallery-1-2176'>\n\t\t\t\tAnni und Beeke\n\t\t\t\t<\/figcaption><\/figure><figure class='gallery-item'>\n\t\t\t<div class='gallery-icon landscape'>\n\t\t\t\t<a data-elementor-open-lightbox=\"yes\" data-elementor-lightbox-slideshow=\"2a7bb7a\" data-elementor-lightbox-title=\"P5490816\" data-e-action-hash=\"#elementor-action%3Aaction%3Dlightbox%26settings%3DeyJpZCI6MjE4MCwidXJsIjoiaHR0cHM6XC9cL3d3dy5uZWJlcnNob2YuZGVcL3dwLWNvbnRlbnRcL3VwbG9hZHNcLzIwMjBcLzEyXC9QNTQ5MDgxNi5qcGciLCJzbGlkZXNob3ciOiIyYTdiYjdhIn0%3D\" href='https:\/\/www.nebershof.de\/wp-content\/uploads\/2020\/12\/P5490816.jpg'><img loading=\"lazy\" decoding=\"async\" width=\"150\" height=\"150\" src=\"https:\/\/www.nebershof.de\/wp-content\/uploads\/2020\/12\/P5490816-150x150.jpg\" class=\"attachment-thumbnail size-thumbnail\" alt=\"\" aria-describedby=\"gallery-1-2180\" \/><\/a>\n\t\t\t<\/div>\n\t\t\t\t<figcaption class='wp-caption-text gallery-caption' id='gallery-1-2180'>\n\t\t\t\tM\u00fchlenfest Meyer`s Windm\u00fchle Bardowick\n\t\t\t\t<\/figcaption><\/figure>\n\t\t<\/div>\n\t\t<\/div>\n\t\t\t\t\t\t<\/div>\n\t\t\t\t<\/div>\n\t\t\t\t\t<\/div>\n\t\t<\/div>\n\t\t\t\t\t<\/div>\n\t\t<\/section>\n\t\t\t\t<section class=\"elementor-section elementor-top-section elementor-element elementor-element-83489fb elementor-section-boxed elementor-section-height-default elementor-section-height-default\" data-id=\"83489fb\" data-element_type=\"section\" data-e-type=\"section\">\n\t\t\t\t\t\t<div class=\"elementor-container elementor-column-gap-default\">\n\t\t\t\t\t<div class=\"elementor-column elementor-col-100 elementor-top-column elementor-element elementor-element-61f3faf\" data-id=\"61f3faf\" data-element_type=\"column\" data-e-type=\"column\">\n\t\t\t<div class=\"elementor-widget-wrap elementor-element-populated\">\n\t\t\t\t\t\t<div class=\"elementor-element elementor-element-623a95c elementor-widget elementor-widget-text-editor\" data-id=\"623a95c\" data-element_type=\"widget\" data-e-type=\"widget\" data-widget_type=\"text-editor.default\">\n\t\t\t\t<div class=\"elementor-widget-container\">\n\t\t\t\t\t\t\t\t\t<p><a href=\"https:\/\/www.youtube.com\/watch?v=FqonvTF_jmo\" target=\"_blank\" rel=\"noopener\">Video hier klicken<\/a><\/p>\t\t\t\t\t\t\t\t<\/div>\n\t\t\t\t<\/div>\n\t\t\t\t\t<\/div>\n\t\t<\/div>\n\t\t\t\t\t<\/div>\n\t\t<\/section>\n\t\t\t\t<\/div>\n\t\t","protected":false},"excerpt":{"rendered":"<p>Schleswiger Kaltblut \u2013 unsere Arbeitspferde Seit 2010 Z\u00fcchten und Arbeiten wir mit Schleswiger Kaltblut. Das Schleswiger Kaltblut ist ein norddeutsches, mittelschweres Kaltblut. Seit Anfang des 20. Jahrhunderts wurden Schleswiger haupts\u00e4chlich als Arbeitspferde in der Land- und Forstwirtschaft gez\u00fcchtet. Von ehemals 25.000 eingetragenen Stuten sind heute nur noch ca. 200 Stuten eingetragen. Somit gilt das Schleswiger [&hellip;]<\/p>\n","protected":false},"author":1,"featured_media":0,"parent":0,"menu_order":0,"comment_status":"closed","ping_status":"closed","template":"","meta":{"site-sidebar-layout":"default","site-content-layout":"plain-container","ast-site-content-layout":"default","site-content-style":"default","site-sidebar-style":"default","ast-global-header-display":"","ast-banner-title-visibility":"","ast-main-header-display":"","ast-hfb-above-header-display":"","ast-hfb-below-header-display":"","ast-hfb-mobile-header-display":"","site-post-title":"disabled","ast-breadcrumbs-content":"","ast-featured-img":"","footer-sml-layout":"","ast-disable-related-posts":"","theme-transparent-header-meta":"default","adv-header-id-meta":"","stick-header-meta":"","header-above-stick-meta":"","header-main-stick-meta":"","header-below-stick-meta":"","astra-migrate-meta-layouts":"default","ast-page-background-enabled":"default","ast-page-background-meta":{"desktop":{"background-color":"","background-image":"","background-repeat":"repeat","background-position":"center center","background-size":"auto","background-attachment":"scroll","background-type":"","background-media":"","overlay-type":"","overlay-color":"","overlay-opacity":"","overlay-gradient":""},"tablet":{"background-color":"","background-image":"","background-repeat":"repeat","background-position":"center center","background-size":"auto","background-attachment":"scroll","background-type":"","background-media":"","overlay-type":"","overlay-color":"","overlay-opacity":"","overlay-gradient":""},"mobile":{"background-color":"","background-image":"","background-repeat":"repeat","background-position":"center center","background-size":"auto","background-attachment":"scroll","background-type":"","background-media":"","overlay-type":"","overlay-color":"","overlay-opacity":"","overlay-gradient":""}},"ast-content-background-meta":{"desktop":{"background-color":"var(--ast-global-color-5)","background-image":"","background-repeat":"repeat","background-position":"center center","background-size":"auto","background-attachment":"scroll","background-type":"","background-media":"","overlay-type":"","overlay-color":"","overlay-opacity":"","overlay-gradient":""},"tablet":{"background-color":"var(--ast-global-color-5)","background-image":"","background-repeat":"repeat","background-position":"center center","background-size":"auto","background-attachment":"scroll","background-type":"","background-media":"","overlay-type":"","overlay-color":"","overlay-opacity":"","overlay-gradient":""},"mobile":{"background-color":"var(--ast-global-color-5)","background-image":"","background-repeat":"repeat","background-position":"center center","background-size":"auto","background-attachment":"scroll","background-type":"","background-media":"","overlay-type":"","overlay-color":"","overlay-opacity":"","overlay-gradient":""}},"footnotes":""},"class_list":["post-1629","page","type-page","status-publish","hentry"],"_links":{"self":[{"href":"https:\/\/www.nebershof.de\/index.php\/wp-json\/wp\/v2\/pages\/1629","targetHints":{"allow":["GET"]}}],"collection":[{"href":"https:\/\/www.nebershof.de\/index.php\/wp-json\/wp\/v2\/pages"}],"about":[{"href":"https:\/\/www.nebershof.de\/index.php\/wp-json\/wp\/v2\/types\/page"}],"author":[{"embeddable":true,"href":"https:\/\/www.nebershof.de\/index.php\/wp-json\/wp\/v2\/users\/1"}],"replies":[{"embeddable":true,"href":"https:\/\/www.nebershof.de\/index.php\/wp-json\/wp\/v2\/comments?post=1629"}],"version-history":[{"count":53,"href":"https:\/\/www.nebershof.de\/index.php\/wp-json\/wp\/v2\/pages\/1629\/revisions"}],"predecessor-version":[{"id":2354,"href":"https:\/\/www.nebershof.de\/index.php\/wp-json\/wp\/v2\/pages\/1629\/revisions\/2354"}],"wp:attachment":[{"href":"https:\/\/www.nebershof.de\/index.php\/wp-json\/wp\/v2\/media?parent=1629"}],"curies":[{"name":"wp","href":"https:\/\/api.w.org\/{rel}","templated":true}]}}