{"id":1897,"date":"2020-03-12T08:54:50","date_gmt":"2020-03-12T08:54:50","guid":{"rendered":"https:\/\/www.nebershof.de\/?page_id=1897"},"modified":"2020-04-30T07:22:22","modified_gmt":"2020-04-30T07:22:22","slug":"reitausbildung","status":"publish","type":"page","link":"https:\/\/www.nebershof.de\/index.php\/reitausbildung\/","title":{"rendered":"Reitausbildung"},"content":{"rendered":"\t\t<div data-elementor-type=\"wp-page\" data-elementor-id=\"1897\" class=\"elementor elementor-1897\">\n\t\t\t\t\t\t<section class=\"elementor-section elementor-top-section elementor-element elementor-element-3c7ac13 elementor-section-boxed elementor-section-height-default elementor-section-height-default\" data-id=\"3c7ac13\" data-element_type=\"section\" data-e-type=\"section\">\n\t\t\t\t\t\t<div class=\"elementor-container elementor-column-gap-default\">\n\t\t\t\t\t<div class=\"elementor-column elementor-col-100 elementor-top-column elementor-element elementor-element-841e624\" data-id=\"841e624\" data-element_type=\"column\" data-e-type=\"column\">\n\t\t\t<div class=\"elementor-widget-wrap elementor-element-populated\">\n\t\t\t\t\t\t<div class=\"elementor-element elementor-element-a58d787 elementor-widget elementor-widget-heading\" data-id=\"a58d787\" data-element_type=\"widget\" data-e-type=\"widget\" data-widget_type=\"heading.default\">\n\t\t\t\t<div class=\"elementor-widget-container\">\n\t\t\t\t\t<h3 class=\"elementor-heading-title elementor-size-default\">Ausbildung von Pferd und Reiter nach klassischen Grunds\u00e4tzen<\/h3>\t\t\t\t<\/div>\n\t\t\t\t<\/div>\n\t\t\t\t\t<\/div>\n\t\t<\/div>\n\t\t\t\t\t<\/div>\n\t\t<\/section>\n\t\t\t\t<section class=\"elementor-section elementor-top-section elementor-element elementor-element-f201439 elementor-section-boxed elementor-section-height-default elementor-section-height-default\" data-id=\"f201439\" data-element_type=\"section\" data-e-type=\"section\">\n\t\t\t\t\t\t<div class=\"elementor-container elementor-column-gap-default\">\n\t\t\t\t\t<div class=\"elementor-column elementor-col-100 elementor-top-column elementor-element elementor-element-d07605c\" data-id=\"d07605c\" data-element_type=\"column\" data-e-type=\"column\">\n\t\t\t<div class=\"elementor-widget-wrap elementor-element-populated\">\n\t\t\t\t\t\t<div class=\"elementor-element elementor-element-88a97ec elementor-widget elementor-widget-image\" data-id=\"88a97ec\" data-element_type=\"widget\" data-e-type=\"widget\" data-widget_type=\"image.default\">\n\t\t\t\t<div class=\"elementor-widget-container\">\n\t\t\t\t\t\t\t\t\t\t\t\t\t\t\t<img decoding=\"async\" src=\"https:\/\/www.nebershof.de\/wp-content\/uploads\/elementor\/thumbs\/IMG_1653-scaled-ootif4ok7p0b96z8l7vy332a6476aryr11732swjr4.jpg\" title=\"IMG_1653\" alt=\"IMG_1653\" loading=\"lazy\" \/>\t\t\t\t\t\t\t\t\t\t\t\t\t\t\t<\/div>\n\t\t\t\t<\/div>\n\t\t\t\t\t<\/div>\n\t\t<\/div>\n\t\t\t\t\t<\/div>\n\t\t<\/section>\n\t\t\t\t<section class=\"elementor-section elementor-top-section elementor-element elementor-element-8b0521e elementor-section-boxed elementor-section-height-default elementor-section-height-default\" data-id=\"8b0521e\" data-element_type=\"section\" data-e-type=\"section\">\n\t\t\t\t\t\t<div class=\"elementor-container elementor-column-gap-default\">\n\t\t\t\t\t<div class=\"elementor-column elementor-col-100 elementor-top-column elementor-element elementor-element-e9b8885\" data-id=\"e9b8885\" data-element_type=\"column\" data-e-type=\"column\">\n\t\t\t<div class=\"elementor-widget-wrap elementor-element-populated\">\n\t\t\t\t\t\t<div class=\"elementor-element elementor-element-4208b58 elementor-widget elementor-widget-text-editor\" data-id=\"4208b58\" data-element_type=\"widget\" data-e-type=\"widget\" data-widget_type=\"text-editor.default\">\n\t\t\t\t<div class=\"elementor-widget-container\">\n\t\t\t\t\t\t\t\t\t<p><b>Reiten lernen von Anfang an mit Leichtigkeit und partnerschaftlich dem Pferd gegen\u00fcber<\/b><br \/>Reitweisen \u00fcbergreifend: Egal welche Vorliebe sie haben \u2013 Horsemanship steht im Vordergrund damit weder Mensch noch Tier \u00fcberfordert werden.<\/p><p><b>Mobiler Reitunterricht und Kurse bei ihnen vor Ort<\/b><br \/>Einzelunterricht und Kurse nach Absprache auf ihrer Anlage.<\/p><p><b>Pensionspferdehaltung<\/b><br \/>Speziell auch f\u00fcr Gnadenbrotpferde und Senioren, individuelle F\u00fctterung nach Bedarf des Pferdes mit Heu aus eigenem \u00f6kologischem Anbau. Unser Rundum Service beinhaltet F\u00fctterung zb. mit Heucobs, Wurmkur, Impfungen, Hufschmied, Tierarzt.<\/p><p><b>Schulpferde<\/b><br \/>F\u00fcr Anf\u00e4nger und Fortgeschrittene bieten wir Reitunterricht, gef\u00fchrte Ausritte und Wanderritte auf gut ausgebildeten und ruhigen Pferden.<\/p><p><b>Gef\u00fchrte Ritte im Gel\u00e4nde<\/b><br \/>Mit ihren eigenen oder auf Leihpferden k\u00f6nnen sie die L\u00fcneburger Heide auf ein- oder mehrst\u00fcndigen Ausritten geniessen.<\/p><p><b>Wanderritte<\/b><\/p>\t\t\t\t\t\t\t\t<\/div>\n\t\t\t\t<\/div>\n\t\t\t\t\t<\/div>\n\t\t<\/div>\n\t\t\t\t\t<\/div>\n\t\t<\/section>\n\t\t\t\t<section class=\"elementor-section elementor-top-section elementor-element elementor-element-6327694 elementor-section-boxed elementor-section-height-default elementor-section-height-default\" data-id=\"6327694\" data-element_type=\"section\" data-e-type=\"section\">\n\t\t\t\t\t\t<div class=\"elementor-container elementor-column-gap-default\">\n\t\t\t\t\t<div class=\"elementor-column elementor-col-100 elementor-top-column elementor-element elementor-element-f9caa8f\" data-id=\"f9caa8f\" data-element_type=\"column\" data-e-type=\"column\">\n\t\t\t<div class=\"elementor-widget-wrap elementor-element-populated\">\n\t\t\t\t\t\t<div class=\"elementor-element elementor-element-fdd7e3c elementor-widget elementor-widget-image-gallery\" data-id=\"fdd7e3c\" data-element_type=\"widget\" data-e-type=\"widget\" data-widget_type=\"image-gallery.default\">\n\t\t\t\t<div class=\"elementor-widget-container\">\n\t\t\t\t\t\t\t<div class=\"elementor-image-gallery\">\n\t\t\t<div id='gallery-1' class='gallery galleryid-1897 gallery-columns-4 gallery-size-thumbnail'><figure class='gallery-item'>\n\t\t\t<div class='gallery-icon portrait'>\n\t\t\t\t<a data-elementor-open-lightbox=\"yes\" data-elementor-lightbox-slideshow=\"fdd7e3c\" data-elementor-lightbox-title=\"Bild 2\" data-e-action-hash=\"#elementor-action%3Aaction%3Dlightbox%26settings%3DeyJpZCI6MTg5OSwidXJsIjoiaHR0cHM6XC9cL3d3dy5uZWJlcnNob2YuZGVcL3dwLWNvbnRlbnRcL3VwbG9hZHNcLzIwMjBcLzAzXC9CaWxkLTIuanBnIiwic2xpZGVzaG93IjoiZmRkN2UzYyJ9\" href='https:\/\/www.nebershof.de\/wp-content\/uploads\/2020\/03\/Bild-2.jpg'><img decoding=\"async\" width=\"150\" height=\"150\" src=\"https:\/\/www.nebershof.de\/wp-content\/uploads\/2020\/03\/Bild-2-150x150.jpg\" class=\"attachment-thumbnail size-thumbnail\" alt=\"\" \/><\/a>\n\t\t\t<\/div><\/figure><figure class='gallery-item'>\n\t\t\t<div class='gallery-icon landscape'>\n\t\t\t\t<a data-elementor-open-lightbox=\"yes\" data-elementor-lightbox-slideshow=\"fdd7e3c\" data-elementor-lightbox-title=\"Bild 3\" data-e-action-hash=\"#elementor-action%3Aaction%3Dlightbox%26settings%3DeyJpZCI6MTkwMCwidXJsIjoiaHR0cHM6XC9cL3d3dy5uZWJlcnNob2YuZGVcL3dwLWNvbnRlbnRcL3VwbG9hZHNcLzIwMjBcLzAzXC9CaWxkLTMuanBnIiwic2xpZGVzaG93IjoiZmRkN2UzYyJ9\" href='https:\/\/www.nebershof.de\/wp-content\/uploads\/2020\/03\/Bild-3.jpg'><img decoding=\"async\" width=\"150\" height=\"150\" src=\"https:\/\/www.nebershof.de\/wp-content\/uploads\/2020\/03\/Bild-3-150x150.jpg\" class=\"attachment-thumbnail size-thumbnail\" alt=\"\" \/><\/a>\n\t\t\t<\/div><\/figure><figure class='gallery-item'>\n\t\t\t<div class='gallery-icon landscape'>\n\t\t\t\t<a data-elementor-open-lightbox=\"yes\" data-elementor-lightbox-slideshow=\"fdd7e3c\" data-elementor-lightbox-title=\"Bild 4\" data-e-action-hash=\"#elementor-action%3Aaction%3Dlightbox%26settings%3DeyJpZCI6MTkwMSwidXJsIjoiaHR0cHM6XC9cL3d3dy5uZWJlcnNob2YuZGVcL3dwLWNvbnRlbnRcL3VwbG9hZHNcLzIwMjBcLzAzXC9CaWxkLTQuanBnIiwic2xpZGVzaG93IjoiZmRkN2UzYyJ9\" href='https:\/\/www.nebershof.de\/wp-content\/uploads\/2020\/03\/Bild-4.jpg'><img decoding=\"async\" width=\"150\" height=\"150\" src=\"https:\/\/www.nebershof.de\/wp-content\/uploads\/2020\/03\/Bild-4-150x150.jpg\" class=\"attachment-thumbnail size-thumbnail\" alt=\"\" \/><\/a>\n\t\t\t<\/div><\/figure><figure class='gallery-item'>\n\t\t\t<div class='gallery-icon portrait'>\n\t\t\t\t<a data-elementor-open-lightbox=\"yes\" data-elementor-lightbox-slideshow=\"fdd7e3c\" data-elementor-lightbox-title=\"Bild 5\" data-e-action-hash=\"#elementor-action%3Aaction%3Dlightbox%26settings%3DeyJpZCI6MTkwMiwidXJsIjoiaHR0cHM6XC9cL3d3dy5uZWJlcnNob2YuZGVcL3dwLWNvbnRlbnRcL3VwbG9hZHNcLzIwMjBcLzAzXC9CaWxkLTUuanBnIiwic2xpZGVzaG93IjoiZmRkN2UzYyJ9\" href='https:\/\/www.nebershof.de\/wp-content\/uploads\/2020\/03\/Bild-5.jpg'><img loading=\"lazy\" decoding=\"async\" width=\"150\" height=\"150\" src=\"https:\/\/www.nebershof.de\/wp-content\/uploads\/2020\/03\/Bild-5-150x150.jpg\" class=\"attachment-thumbnail size-thumbnail\" alt=\"\" \/><\/a>\n\t\t\t<\/div><\/figure><figure class='gallery-item'>\n\t\t\t<div class='gallery-icon landscape'>\n\t\t\t\t<a data-elementor-open-lightbox=\"yes\" data-elementor-lightbox-slideshow=\"fdd7e3c\" data-elementor-lightbox-title=\"Bild 6\" data-e-action-hash=\"#elementor-action%3Aaction%3Dlightbox%26settings%3DeyJpZCI6MTkwMywidXJsIjoiaHR0cHM6XC9cL3d3dy5uZWJlcnNob2YuZGVcL3dwLWNvbnRlbnRcL3VwbG9hZHNcLzIwMjBcLzAzXC9CaWxkLTYuanBnIiwic2xpZGVzaG93IjoiZmRkN2UzYyJ9\" href='https:\/\/www.nebershof.de\/wp-content\/uploads\/2020\/03\/Bild-6.jpg'><img loading=\"lazy\" decoding=\"async\" width=\"150\" height=\"150\" src=\"https:\/\/www.nebershof.de\/wp-content\/uploads\/2020\/03\/Bild-6-150x150.jpg\" class=\"attachment-thumbnail size-thumbnail\" alt=\"\" \/><\/a>\n\t\t\t<\/div><\/figure><figure class='gallery-item'>\n\t\t\t<div class='gallery-icon portrait'>\n\t\t\t\t<a data-elementor-open-lightbox=\"yes\" data-elementor-lightbox-slideshow=\"fdd7e3c\" data-elementor-lightbox-title=\"IMG_1653\" data-e-action-hash=\"#elementor-action%3Aaction%3Dlightbox%26settings%3DeyJpZCI6MjAzNSwidXJsIjoiaHR0cHM6XC9cL3d3dy5uZWJlcnNob2YuZGVcL3dwLWNvbnRlbnRcL3VwbG9hZHNcLzIwMjBcLzA0XC9JTUdfMTY1My1zY2FsZWQuanBnIiwic2xpZGVzaG93IjoiZmRkN2UzYyJ9\" href='https:\/\/www.nebershof.de\/wp-content\/uploads\/2020\/04\/IMG_1653-scaled.jpg'><img loading=\"lazy\" decoding=\"async\" width=\"150\" height=\"150\" src=\"https:\/\/www.nebershof.de\/wp-content\/uploads\/2020\/04\/IMG_1653-150x150.jpg\" class=\"attachment-thumbnail size-thumbnail\" alt=\"\" \/><\/a>\n\t\t\t<\/div><\/figure><figure class='gallery-item'>\n\t\t\t<div class='gallery-icon portrait'>\n\t\t\t\t<a data-elementor-open-lightbox=\"yes\" data-elementor-lightbox-slideshow=\"fdd7e3c\" data-elementor-lightbox-title=\"Bild 7\" data-e-action-hash=\"#elementor-action%3Aaction%3Dlightbox%26settings%3DeyJpZCI6MTkwNCwidXJsIjoiaHR0cHM6XC9cL3d3dy5uZWJlcnNob2YuZGVcL3dwLWNvbnRlbnRcL3VwbG9hZHNcLzIwMjBcLzAzXC9CaWxkLTcuanBnIiwic2xpZGVzaG93IjoiZmRkN2UzYyJ9\" href='https:\/\/www.nebershof.de\/wp-content\/uploads\/2020\/03\/Bild-7.jpg'><img loading=\"lazy\" decoding=\"async\" width=\"150\" height=\"150\" src=\"https:\/\/www.nebershof.de\/wp-content\/uploads\/2020\/03\/Bild-7-150x150.jpg\" class=\"attachment-thumbnail size-thumbnail\" alt=\"\" \/><\/a>\n\t\t\t<\/div><\/figure>\n\t\t<\/div>\n\t\t<\/div>\n\t\t\t\t\t\t<\/div>\n\t\t\t\t<\/div>\n\t\t\t\t\t<\/div>\n\t\t<\/div>\n\t\t\t\t\t<\/div>\n\t\t<\/section>\n\t\t\t\t<\/div>\n\t\t","protected":false},"excerpt":{"rendered":"<p>Ausbildung von Pferd und Reiter nach klassischen Grunds\u00e4tzen Reiten lernen von Anfang an mit Leichtigkeit und partnerschaftlich dem Pferd gegen\u00fcber Reitweisen \u00fcbergreifend: Egal welche Vorliebe sie haben \u2013 Horsemanship steht im Vordergrund damit weder Mensch noch Tier \u00fcberfordert werden. Mobiler Reitunterricht und Kurse bei ihnen vor Ort Einzelunterricht und Kurse nach Absprache auf ihrer Anlage. [&hellip;]<\/p>\n","protected":false},"author":1,"featured_media":0,"parent":0,"menu_order":0,"comment_status":"closed","ping_status":"closed","template":"","meta":{"site-sidebar-layout":"no-sidebar","site-content-layout":"plain-container","ast-site-content-layout":"default","site-content-style":"default","site-sidebar-style":"default","ast-global-header-display":"","ast-banner-title-visibility":"","ast-main-header-display":"","ast-hfb-above-header-display":"","ast-hfb-below-header-display":"","ast-hfb-mobile-header-display":"","site-post-title":"disabled","ast-breadcrumbs-content":"","ast-featured-img":"","footer-sml-layout":"","ast-disable-related-posts":"","theme-transparent-header-meta":"default","adv-header-id-meta":"","stick-header-meta":"","header-above-stick-meta":"","header-main-stick-meta":"","header-below-stick-meta":"","astra-migrate-meta-layouts":"default","ast-page-background-enabled":"default","ast-page-background-meta":{"desktop":{"background-color":"","background-image":"","background-repeat":"repeat","background-position":"center center","background-size":"auto","background-attachment":"scroll","background-type":"","background-media":"","overlay-type":"","overlay-color":"","overlay-opacity":"","overlay-gradient":""},"tablet":{"background-color":"","background-image":"","background-repeat":"repeat","background-position":"center center","background-size":"auto","background-attachment":"scroll","background-type":"","background-media":"","overlay-type":"","overlay-color":"","overlay-opacity":"","overlay-gradient":""},"mobile":{"background-color":"","background-image":"","background-repeat":"repeat","background-position":"center center","background-size":"auto","background-attachment":"scroll","background-type":"","background-media":"","overlay-type":"","overlay-color":"","overlay-opacity":"","overlay-gradient":""}},"ast-content-background-meta":{"desktop":{"background-color":"var(--ast-global-color-5)","background-image":"","background-repeat":"repeat","background-position":"center center","background-size":"auto","background-attachment":"scroll","background-type":"","background-media":"","overlay-type":"","overlay-color":"","overlay-opacity":"","overlay-gradient":""},"tablet":{"background-color":"var(--ast-global-color-5)","background-image":"","background-repeat":"repeat","background-position":"center center","background-size":"auto","background-attachment":"scroll","background-type":"","background-media":"","overlay-type":"","overlay-color":"","overlay-opacity":"","overlay-gradient":""},"mobile":{"background-color":"var(--ast-global-color-5)","background-image":"","background-repeat":"repeat","background-position":"center center","background-size":"auto","background-attachment":"scroll","background-type":"","background-media":"","overlay-type":"","overlay-color":"","overlay-opacity":"","overlay-gradient":""}},"footnotes":""},"class_list":["post-1897","page","type-page","status-publish","hentry"],"_links":{"self":[{"href":"https:\/\/www.nebershof.de\/index.php\/wp-json\/wp\/v2\/pages\/1897","targetHints":{"allow":["GET"]}}],"collection":[{"href":"https:\/\/www.nebershof.de\/index.php\/wp-json\/wp\/v2\/pages"}],"about":[{"href":"https:\/\/www.nebershof.de\/index.php\/wp-json\/wp\/v2\/types\/page"}],"author":[{"embeddable":true,"href":"https:\/\/www.nebershof.de\/index.php\/wp-json\/wp\/v2\/users\/1"}],"replies":[{"embeddable":true,"href":"https:\/\/www.nebershof.de\/index.php\/wp-json\/wp\/v2\/comments?post=1897"}],"version-history":[{"count":15,"href":"https:\/\/www.nebershof.de\/index.php\/wp-json\/wp\/v2\/pages\/1897\/revisions"}],"predecessor-version":[{"id":2038,"href":"https:\/\/www.nebershof.de\/index.php\/wp-json\/wp\/v2\/pages\/1897\/revisions\/2038"}],"wp:attachment":[{"href":"https:\/\/www.nebershof.de\/index.php\/wp-json\/wp\/v2\/media?parent=1897"}],"curies":[{"name":"wp","href":"https:\/\/api.w.org\/{rel}","templated":true}]}}