{"id":2001,"date":"2020-03-20T07:17:52","date_gmt":"2020-03-20T07:17:52","guid":{"rendered":"https:\/\/www.nebershof.de\/?page_id=2001"},"modified":"2022-11-27T21:14:34","modified_gmt":"2022-11-27T21:14:34","slug":"urlaub-mit-dem-pferd","status":"publish","type":"page","link":"https:\/\/www.nebershof.de\/index.php\/urlaub-mit-dem-pferd\/","title":{"rendered":"Kutschfahrten"},"content":{"rendered":"\t\t<div data-elementor-type=\"wp-page\" data-elementor-id=\"2001\" class=\"elementor elementor-2001\">\n\t\t\t\t\t\t<section class=\"elementor-section elementor-top-section elementor-element elementor-element-d62867a elementor-section-boxed elementor-section-height-default elementor-section-height-default\" data-id=\"d62867a\" data-element_type=\"section\" data-e-type=\"section\">\n\t\t\t\t\t\t<div class=\"elementor-container elementor-column-gap-default\">\n\t\t\t\t\t<div class=\"elementor-column elementor-col-100 elementor-top-column elementor-element elementor-element-d8e2520\" data-id=\"d8e2520\" data-element_type=\"column\" data-e-type=\"column\">\n\t\t\t<div class=\"elementor-widget-wrap elementor-element-populated\">\n\t\t\t\t\t\t<div class=\"elementor-element elementor-element-f66f7ad elementor-widget elementor-widget-heading\" data-id=\"f66f7ad\" data-element_type=\"widget\" data-e-type=\"widget\" data-widget_type=\"heading.default\">\n\t\t\t\t<div class=\"elementor-widget-container\">\n\t\t\t\t\t<h3 class=\"elementor-heading-title elementor-size-default\">Kutschfahrten<\/h3>\t\t\t\t<\/div>\n\t\t\t\t<\/div>\n\t\t\t\t\t<\/div>\n\t\t<\/div>\n\t\t\t\t\t<\/div>\n\t\t<\/section>\n\t\t\t\t<section class=\"elementor-section elementor-top-section elementor-element elementor-element-84a21f7 elementor-section-boxed elementor-section-height-default elementor-section-height-default\" data-id=\"84a21f7\" data-element_type=\"section\" data-e-type=\"section\">\n\t\t\t\t\t\t<div class=\"elementor-container elementor-column-gap-default\">\n\t\t\t\t\t<div class=\"elementor-column elementor-col-100 elementor-top-column elementor-element elementor-element-9cccefa\" data-id=\"9cccefa\" data-element_type=\"column\" data-e-type=\"column\">\n\t\t\t<div class=\"elementor-widget-wrap elementor-element-populated\">\n\t\t\t\t\t\t<div class=\"elementor-element elementor-element-587d8e5 elementor-widget elementor-widget-image\" data-id=\"587d8e5\" data-element_type=\"widget\" data-e-type=\"widget\" data-widget_type=\"image.default\">\n\t\t\t\t<div class=\"elementor-widget-container\">\n\t\t\t\t\t\t\t\t\t\t\t\t\t\t\t<img fetchpriority=\"high\" decoding=\"async\" width=\"768\" height=\"576\" src=\"https:\/\/www.nebershof.de\/wp-content\/uploads\/2022\/11\/20220418_111930-768x576.jpg\" class=\"attachment-medium_large size-medium_large wp-image-2319\" alt=\"\" srcset=\"https:\/\/www.nebershof.de\/wp-content\/uploads\/2022\/11\/20220418_111930-768x576.jpg 768w, https:\/\/www.nebershof.de\/wp-content\/uploads\/2022\/11\/20220418_111930-300x225.jpg 300w, https:\/\/www.nebershof.de\/wp-content\/uploads\/2022\/11\/20220418_111930-1024x768.jpg 1024w, https:\/\/www.nebershof.de\/wp-content\/uploads\/2022\/11\/20220418_111930-1536x1152.jpg 1536w, https:\/\/www.nebershof.de\/wp-content\/uploads\/2022\/11\/20220418_111930-2048x1536.jpg 2048w\" sizes=\"(max-width: 768px) 100vw, 768px\" \/>\t\t\t\t\t\t\t\t\t\t\t\t\t\t\t<\/div>\n\t\t\t\t<\/div>\n\t\t\t\t\t<\/div>\n\t\t<\/div>\n\t\t\t\t\t<\/div>\n\t\t<\/section>\n\t\t\t\t<section class=\"elementor-section elementor-top-section elementor-element elementor-element-1cf4765 elementor-section-boxed elementor-section-height-default elementor-section-height-default\" data-id=\"1cf4765\" data-element_type=\"section\" data-e-type=\"section\">\n\t\t\t\t\t\t<div class=\"elementor-container elementor-column-gap-default\">\n\t\t\t\t\t<div class=\"elementor-column elementor-col-100 elementor-top-column elementor-element elementor-element-7560db1\" data-id=\"7560db1\" data-element_type=\"column\" data-e-type=\"column\">\n\t\t\t<div class=\"elementor-widget-wrap elementor-element-populated\">\n\t\t\t\t\t\t<div class=\"elementor-element elementor-element-472c055 elementor-widget elementor-widget-text-editor\" data-id=\"472c055\" data-element_type=\"widget\" data-e-type=\"widget\" data-widget_type=\"text-editor.default\">\n\t\t\t\t<div class=\"elementor-widget-container\">\n\t\t\t\t\t\t\t\t\t<p>Wir bieten ihnen Natur-und Landschaftskutschfahrten im Kerngebiet des Naturschutzgebietes L\u00fcneburger Heide an. Starten sie mit uns ab Niederhaverbeck in die wundersch\u00f6ne Heidelandschaft und erfahren sie viel \u00fcber die Entstehung, Bewirtschaftung und Pflege der Heide. Wir fahren sie mit einer kleinen Kutsche bis 8 Persohnen, gerne machen wir ihnen ein individuelles Angebot. Hunde d\u00fcrfen selbstver\u00e4ndlich gerne mit fahren<\/p>\n<p>.<\/p>\t\t\t\t\t\t\t\t<\/div>\n\t\t\t\t<\/div>\n\t\t\t\t\t<\/div>\n\t\t<\/div>\n\t\t\t\t\t<\/div>\n\t\t<\/section>\n\t\t\t\t<section class=\"elementor-section elementor-top-section elementor-element elementor-element-4334306 elementor-section-boxed elementor-section-height-default elementor-section-height-default\" data-id=\"4334306\" data-element_type=\"section\" data-e-type=\"section\">\n\t\t\t\t\t\t<div class=\"elementor-container elementor-column-gap-default\">\n\t\t\t\t\t<div class=\"elementor-column elementor-col-100 elementor-top-column elementor-element elementor-element-ce16bbd\" data-id=\"ce16bbd\" data-element_type=\"column\" data-e-type=\"column\">\n\t\t\t<div class=\"elementor-widget-wrap elementor-element-populated\">\n\t\t\t\t\t\t<div class=\"elementor-element elementor-element-b7ab4ee elementor-widget elementor-widget-image-gallery\" data-id=\"b7ab4ee\" data-element_type=\"widget\" data-e-type=\"widget\" data-widget_type=\"image-gallery.default\">\n\t\t\t\t<div class=\"elementor-widget-container\">\n\t\t\t\t\t\t\t<div class=\"elementor-image-gallery\">\n\t\t\t<div id='gallery-1' class='gallery galleryid-2001 gallery-columns-4 gallery-size-thumbnail'><figure class='gallery-item'>\n\t\t\t<div class='gallery-icon portrait'>\n\t\t\t\t<a data-elementor-open-lightbox=\"yes\" data-elementor-lightbox-slideshow=\"b7ab4ee\" data-elementor-lightbox-title=\"20220417_124346\" data-e-action-hash=\"#elementor-action%3Aaction%3Dlightbox%26settings%3DeyJpZCI6MjMxOCwidXJsIjoiaHR0cHM6XC9cL3d3dy5uZWJlcnNob2YuZGVcL3dwLWNvbnRlbnRcL3VwbG9hZHNcLzIwMjJcLzExXC8yMDIyMDQxN18xMjQzNDYtc2NhbGVkLmpwZyIsInNsaWRlc2hvdyI6ImI3YWI0ZWUifQ%3D%3D\" href='https:\/\/www.nebershof.de\/wp-content\/uploads\/2022\/11\/20220417_124346-scaled.jpg'><img decoding=\"async\" width=\"150\" height=\"150\" src=\"https:\/\/www.nebershof.de\/wp-content\/uploads\/2022\/11\/20220417_124346-150x150.jpg\" class=\"attachment-thumbnail size-thumbnail\" alt=\"\" \/><\/a>\n\t\t\t<\/div><\/figure><figure class='gallery-item'>\n\t\t\t<div class='gallery-icon landscape'>\n\t\t\t\t<a data-elementor-open-lightbox=\"yes\" data-elementor-lightbox-slideshow=\"b7ab4ee\" data-elementor-lightbox-title=\"20211211_103859\" data-e-action-hash=\"#elementor-action%3Aaction%3Dlightbox%26settings%3DeyJpZCI6MjMyMiwidXJsIjoiaHR0cHM6XC9cL3d3dy5uZWJlcnNob2YuZGVcL3dwLWNvbnRlbnRcL3VwbG9hZHNcLzIwMjJcLzExXC8yMDIxMTIxMV8xMDM4NTktc2NhbGVkLmpwZyIsInNsaWRlc2hvdyI6ImI3YWI0ZWUifQ%3D%3D\" href='https:\/\/www.nebershof.de\/wp-content\/uploads\/2022\/11\/20211211_103859-scaled.jpg'><img decoding=\"async\" width=\"150\" height=\"150\" src=\"https:\/\/www.nebershof.de\/wp-content\/uploads\/2022\/11\/20211211_103859-150x150.jpg\" class=\"attachment-thumbnail size-thumbnail\" alt=\"\" \/><\/a>\n\t\t\t<\/div><\/figure><figure class='gallery-item'>\n\t\t\t<div class='gallery-icon landscape'>\n\t\t\t\t<a data-elementor-open-lightbox=\"yes\" data-elementor-lightbox-slideshow=\"b7ab4ee\" data-elementor-lightbox-title=\"20210819_124619\" data-e-action-hash=\"#elementor-action%3Aaction%3Dlightbox%26settings%3DeyJpZCI6MjMyMCwidXJsIjoiaHR0cHM6XC9cL3d3dy5uZWJlcnNob2YuZGVcL3dwLWNvbnRlbnRcL3VwbG9hZHNcLzIwMjJcLzExXC8yMDIxMDgxOV8xMjQ2MTktc2NhbGVkLmpwZyIsInNsaWRlc2hvdyI6ImI3YWI0ZWUifQ%3D%3D\" href='https:\/\/www.nebershof.de\/wp-content\/uploads\/2022\/11\/20210819_124619-scaled.jpg'><img loading=\"lazy\" decoding=\"async\" width=\"150\" height=\"150\" src=\"https:\/\/www.nebershof.de\/wp-content\/uploads\/2022\/11\/20210819_124619-150x150.jpg\" class=\"attachment-thumbnail size-thumbnail\" alt=\"\" \/><\/a>\n\t\t\t<\/div><\/figure><figure class='gallery-item'>\n\t\t\t<div class='gallery-icon landscape'>\n\t\t\t\t<a data-elementor-open-lightbox=\"yes\" data-elementor-lightbox-slideshow=\"b7ab4ee\" data-elementor-lightbox-title=\"20210807_173334\" data-e-action-hash=\"#elementor-action%3Aaction%3Dlightbox%26settings%3DeyJpZCI6MjMyMSwidXJsIjoiaHR0cHM6XC9cL3d3dy5uZWJlcnNob2YuZGVcL3dwLWNvbnRlbnRcL3VwbG9hZHNcLzIwMjJcLzExXC8yMDIxMDgwN18xNzMzMzQtc2NhbGVkLmpwZyIsInNsaWRlc2hvdyI6ImI3YWI0ZWUifQ%3D%3D\" href='https:\/\/www.nebershof.de\/wp-content\/uploads\/2022\/11\/20210807_173334-scaled.jpg'><img loading=\"lazy\" decoding=\"async\" width=\"150\" height=\"150\" src=\"https:\/\/www.nebershof.de\/wp-content\/uploads\/2022\/11\/20210807_173334-150x150.jpg\" class=\"attachment-thumbnail size-thumbnail\" alt=\"\" \/><\/a>\n\t\t\t<\/div><\/figure><figure class='gallery-item'>\n\t\t\t<div class='gallery-icon landscape'>\n\t\t\t\t<a data-elementor-open-lightbox=\"yes\" data-elementor-lightbox-slideshow=\"b7ab4ee\" data-elementor-lightbox-title=\"IMG-20160914-WA0002\" data-e-action-hash=\"#elementor-action%3Aaction%3Dlightbox%26settings%3DeyJpZCI6MjMyNywidXJsIjoiaHR0cHM6XC9cL3d3dy5uZWJlcnNob2YuZGVcL3dwLWNvbnRlbnRcL3VwbG9hZHNcLzIwMjJcLzExXC9JTUctMjAxNjA5MTQtV0EwMDAyLTEuanBnIiwic2xpZGVzaG93IjoiYjdhYjRlZSJ9\" href='https:\/\/www.nebershof.de\/wp-content\/uploads\/2022\/11\/IMG-20160914-WA0002-1.jpg'><img loading=\"lazy\" decoding=\"async\" width=\"150\" height=\"150\" src=\"https:\/\/www.nebershof.de\/wp-content\/uploads\/2022\/11\/IMG-20160914-WA0002-1-150x150.jpg\" class=\"attachment-thumbnail size-thumbnail\" alt=\"\" \/><\/a>\n\t\t\t<\/div><\/figure>\n\t\t<\/div>\n\t\t<\/div>\n\t\t\t\t\t\t<\/div>\n\t\t\t\t<\/div>\n\t\t\t\t\t<\/div>\n\t\t<\/div>\n\t\t\t\t\t<\/div>\n\t\t<\/section>\n\t\t\t\t<\/div>\n\t\t","protected":false},"excerpt":{"rendered":"<p>Kutschfahrten Wir bieten ihnen Natur-und Landschaftskutschfahrten im Kerngebiet des Naturschutzgebietes L\u00fcneburger Heide an. Starten sie mit uns ab Niederhaverbeck in die wundersch\u00f6ne Heidelandschaft und erfahren sie viel \u00fcber die Entstehung, Bewirtschaftung und Pflege der Heide. Wir fahren sie mit einer kleinen Kutsche bis 8 Persohnen, gerne machen wir ihnen ein individuelles Angebot. Hunde d\u00fcrfen selbstver\u00e4ndlich [&hellip;]<\/p>\n","protected":false},"author":1,"featured_media":0,"parent":0,"menu_order":0,"comment_status":"closed","ping_status":"closed","template":"","meta":{"site-sidebar-layout":"no-sidebar","site-content-layout":"plain-container","ast-site-content-layout":"default","site-content-style":"default","site-sidebar-style":"default","ast-global-header-display":"","ast-banner-title-visibility":"","ast-main-header-display":"","ast-hfb-above-header-display":"","ast-hfb-below-header-display":"","ast-hfb-mobile-header-display":"","site-post-title":"disabled","ast-breadcrumbs-content":"","ast-featured-img":"disabled","footer-sml-layout":"","ast-disable-related-posts":"","theme-transparent-header-meta":"default","adv-header-id-meta":"","stick-header-meta":"","header-above-stick-meta":"","header-main-stick-meta":"","header-below-stick-meta":"","astra-migrate-meta-layouts":"default","ast-page-background-enabled":"default","ast-page-background-meta":{"desktop":{"background-color":"","background-image":"","background-repeat":"repeat","background-position":"center center","background-size":"auto","background-attachment":"scroll","background-type":"","background-media":"","overlay-type":"","overlay-color":"","overlay-opacity":"","overlay-gradient":""},"tablet":{"background-color":"","background-image":"","background-repeat":"repeat","background-position":"center center","background-size":"auto","background-attachment":"scroll","background-type":"","background-media":"","overlay-type":"","overlay-color":"","overlay-opacity":"","overlay-gradient":""},"mobile":{"background-color":"","background-image":"","background-repeat":"repeat","background-position":"center center","background-size":"auto","background-attachment":"scroll","background-type":"","background-media":"","overlay-type":"","overlay-color":"","overlay-opacity":"","overlay-gradient":""}},"ast-content-background-meta":{"desktop":{"background-color":"var(--ast-global-color-5)","background-image":"","background-repeat":"repeat","background-position":"center center","background-size":"auto","background-attachment":"scroll","background-type":"","background-media":"","overlay-type":"","overlay-color":"","overlay-opacity":"","overlay-gradient":""},"tablet":{"background-color":"var(--ast-global-color-5)","background-image":"","background-repeat":"repeat","background-position":"center center","background-size":"auto","background-attachment":"scroll","background-type":"","background-media":"","overlay-type":"","overlay-color":"","overlay-opacity":"","overlay-gradient":""},"mobile":{"background-color":"var(--ast-global-color-5)","background-image":"","background-repeat":"repeat","background-position":"center center","background-size":"auto","background-attachment":"scroll","background-type":"","background-media":"","overlay-type":"","overlay-color":"","overlay-opacity":"","overlay-gradient":""}},"footnotes":""},"class_list":["post-2001","page","type-page","status-publish","hentry"],"_links":{"self":[{"href":"https:\/\/www.nebershof.de\/index.php\/wp-json\/wp\/v2\/pages\/2001","targetHints":{"allow":["GET"]}}],"collection":[{"href":"https:\/\/www.nebershof.de\/index.php\/wp-json\/wp\/v2\/pages"}],"about":[{"href":"https:\/\/www.nebershof.de\/index.php\/wp-json\/wp\/v2\/types\/page"}],"author":[{"embeddable":true,"href":"https:\/\/www.nebershof.de\/index.php\/wp-json\/wp\/v2\/users\/1"}],"replies":[{"embeddable":true,"href":"https:\/\/www.nebershof.de\/index.php\/wp-json\/wp\/v2\/comments?post=2001"}],"version-history":[{"count":15,"href":"https:\/\/www.nebershof.de\/index.php\/wp-json\/wp\/v2\/pages\/2001\/revisions"}],"predecessor-version":[{"id":2343,"href":"https:\/\/www.nebershof.de\/index.php\/wp-json\/wp\/v2\/pages\/2001\/revisions\/2343"}],"wp:attachment":[{"href":"https:\/\/www.nebershof.de\/index.php\/wp-json\/wp\/v2\/media?parent=2001"}],"curies":[{"name":"wp","href":"https:\/\/api.w.org\/{rel}","templated":true}]}}