{"id":2063,"date":"2020-08-25T07:03:10","date_gmt":"2020-08-25T07:03:10","guid":{"rendered":"https:\/\/www.nebershof.de\/?page_id=2063"},"modified":"2026-01-14T20:58:41","modified_gmt":"2026-01-14T20:58:41","slug":"termine","status":"publish","type":"page","link":"https:\/\/www.nebershof.de\/index.php\/termine\/","title":{"rendered":"Termine"},"content":{"rendered":"\t\t<div data-elementor-type=\"wp-page\" data-elementor-id=\"2063\" class=\"elementor elementor-2063\">\n\t\t\t\t\t\t<section class=\"elementor-section elementor-top-section elementor-element elementor-element-22eb0db elementor-section-boxed elementor-section-height-default elementor-section-height-default\" data-id=\"22eb0db\" data-element_type=\"section\" data-e-type=\"section\">\n\t\t\t\t\t\t<div class=\"elementor-container elementor-column-gap-default\">\n\t\t\t\t\t<div class=\"elementor-column elementor-col-100 elementor-top-column elementor-element elementor-element-477834d\" data-id=\"477834d\" data-element_type=\"column\" data-e-type=\"column\">\n\t\t\t<div class=\"elementor-widget-wrap elementor-element-populated\">\n\t\t\t\t\t\t<div class=\"elementor-element elementor-element-6a2274a elementor-widget elementor-widget-spacer\" data-id=\"6a2274a\" data-element_type=\"widget\" data-e-type=\"widget\" data-widget_type=\"spacer.default\">\n\t\t\t\t<div class=\"elementor-widget-container\">\n\t\t\t\t\t\t\t<div class=\"elementor-spacer\">\n\t\t\t<div class=\"elementor-spacer-inner\"><\/div>\n\t\t<\/div>\n\t\t\t\t\t\t<\/div>\n\t\t\t\t<\/div>\n\t\t\t\t<div class=\"elementor-element elementor-element-0809eb8 elementor-widget elementor-widget-heading\" data-id=\"0809eb8\" data-element_type=\"widget\" data-e-type=\"widget\" data-widget_type=\"heading.default\">\n\t\t\t\t<div class=\"elementor-widget-container\">\n\t\t\t\t\t<h3 class=\"elementor-heading-title elementor-size-default\">Termine<\/h3>\t\t\t\t<\/div>\n\t\t\t\t<\/div>\n\t\t\t\t\t<\/div>\n\t\t<\/div>\n\t\t\t\t\t<\/div>\n\t\t<\/section>\n\t\t\t\t<section class=\"elementor-section elementor-top-section elementor-element elementor-element-eb6ee08 elementor-section-boxed elementor-section-height-default elementor-section-height-default\" data-id=\"eb6ee08\" data-element_type=\"section\" data-e-type=\"section\">\n\t\t\t\t\t\t<div class=\"elementor-container elementor-column-gap-default\">\n\t\t\t\t\t<div class=\"elementor-column elementor-col-100 elementor-top-column elementor-element elementor-element-7771477\" data-id=\"7771477\" data-element_type=\"column\" data-e-type=\"column\">\n\t\t\t<div class=\"elementor-widget-wrap elementor-element-populated\">\n\t\t\t\t\t\t<div class=\"elementor-element elementor-element-424a6f3 elementor-widget elementor-widget-heading\" data-id=\"424a6f3\" data-element_type=\"widget\" data-e-type=\"widget\" data-widget_type=\"heading.default\">\n\t\t\t\t<div class=\"elementor-widget-container\">\n\t\t\t\t\t<h4 class=\"elementor-heading-title elementor-size-default\">Ackertraining Schnupperkurse und Veranstaltungen<\/h4>\t\t\t\t<\/div>\n\t\t\t\t<\/div>\n\t\t\t\t<div class=\"elementor-element elementor-element-53a3c5e elementor-widget__width-initial elementor-widget elementor-widget-text-editor\" data-id=\"53a3c5e\" data-element_type=\"widget\" data-e-type=\"widget\" data-widget_type=\"text-editor.default\">\n\t\t\t\t<div class=\"elementor-widget-container\">\n\t\t\t\t\t\t\t\t\t<div class=\"elementor-element elementor-element-1b136ad elementor-widget elementor-widget-text-editor\" data-id=\"1b136ad\" data-element_type=\"widget\" data-widget_type=\"text-editor.default\"><div class=\"elementor-widget-container\"><div class=\"elementor-text-editor elementor-clearfix\"><p>Wir<strong> veranstalten wieder Ackertraining Schnupperkurse<\/strong><\/p><p><strong>jeweils am<\/strong><\/p><p>25.4.2026<\/p><p>26.4.2026<\/p><p>17.10.2026<\/p><p>18.10.2026<\/p><p>Anmeldung zu den Ackertraining Kursen per<br \/>Telefon: 01520-8978239 oder E-Mail: <a href=\"mailto:peter.hagel@nebershof.de\">peter.hagel@nebershof.de<\/a><\/p><p><strong>Horsemanship Wochenendkurse ( im Sattel und am Boden)<br \/><\/strong><\/p><p>25.-26.4.2026<\/p><p>30.-31.5.2026\u00a0 \u00a0 \u00a0 Ausgebucht, Warteliste<\/p><p>13.-14.6.2026<\/p><p>22.-23.8.2026\u00a0 \u00a0 \u00a0Ausgebucht, Warteliste<\/p><p>5.-6.9.2026<\/p><p>10.-11.10.2026<\/p><p><strong>Horsmanship Tageskurse<\/strong><\/p><p>19.4.2026<\/p><p>17.5.2026<\/p><p>21.6.2026<\/p><p>20.9.2026<\/p><p>18.10.2026<\/p><p><strong>Berittenes Bogenschie\u00dfen, Wochenendkurs<\/strong><\/p><p>9.-10.5.2026\u00a0 \u00a0 \u00a0 \u00a0Ausgebucht, Warteliste<\/p><p>Anmeldung und Infos zu Horsmanship und Bogenschie\u00dfen unter info@nebershof.de oder\u00a0 0176 41797019<\/p><p><strong>\u00a0<\/strong><\/p><p><strong>\u00a0M\u00fchlenfest bei Meyers Windm\u00fchle in Bardowick<br \/><\/strong><\/p><p>Am Pfingstmontag dem 25.5.2026, ab 11.00 Uhr sind wir mit Infostand und Schaupfl\u00fcgen auf dem M\u00fchlenfest einer der letzten gewerblich betriebenen Windm\u00fchlen<\/p><p><strong>\u00a0<\/strong><\/p><\/div><\/div><\/div>\t\t\t\t\t\t\t\t<\/div>\n\t\t\t\t<\/div>\n\t\t\t\t\t<\/div>\n\t\t<\/div>\n\t\t\t\t\t<\/div>\n\t\t<\/section>\n\t\t\t\t<\/div>\n\t\t","protected":false},"excerpt":{"rendered":"<p>Termine Ackertraining Schnupperkurse und Veranstaltungen Wir veranstalten wieder Ackertraining Schnupperkurse jeweils am 25.4.2026 26.4.2026 17.10.2026 18.10.2026 Anmeldung zu den Ackertraining Kursen perTelefon: 01520-8978239 oder E-Mail: peter.hagel@nebershof.de Horsemanship Wochenendkurse ( im Sattel und am Boden) 25.-26.4.2026 30.-31.5.2026\u00a0 \u00a0 \u00a0 Ausgebucht, Warteliste 13.-14.6.2026 22.-23.8.2026\u00a0 \u00a0 \u00a0Ausgebucht, Warteliste 5.-6.9.2026 10.-11.10.2026 Horsmanship Tageskurse 19.4.2026 17.5.2026 21.6.2026 20.9.2026 18.10.2026 Berittenes [&hellip;]<\/p>\n","protected":false},"author":1,"featured_media":0,"parent":0,"menu_order":0,"comment_status":"closed","ping_status":"closed","template":"","meta":{"site-sidebar-layout":"no-sidebar","site-content-layout":"page-builder","ast-site-content-layout":"default","site-content-style":"default","site-sidebar-style":"default","ast-global-header-display":"","ast-banner-title-visibility":"","ast-main-header-display":"","ast-hfb-above-header-display":"","ast-hfb-below-header-display":"","ast-hfb-mobile-header-display":"","site-post-title":"disabled","ast-breadcrumbs-content":"","ast-featured-img":"","footer-sml-layout":"","ast-disable-related-posts":"","theme-transparent-header-meta":"default","adv-header-id-meta":"","stick-header-meta":"","header-above-stick-meta":"","header-main-stick-meta":"","header-below-stick-meta":"","astra-migrate-meta-layouts":"default","ast-page-background-enabled":"default","ast-page-background-meta":{"desktop":{"background-color":"","background-image":"","background-repeat":"repeat","background-position":"center center","background-size":"auto","background-attachment":"scroll","background-type":"","background-media":"","overlay-type":"","overlay-color":"","overlay-opacity":"","overlay-gradient":""},"tablet":{"background-color":"","background-image":"","background-repeat":"repeat","background-position":"center center","background-size":"auto","background-attachment":"scroll","background-type":"","background-media":"","overlay-type":"","overlay-color":"","overlay-opacity":"","overlay-gradient":""},"mobile":{"background-color":"","background-image":"","background-repeat":"repeat","background-position":"center center","background-size":"auto","background-attachment":"scroll","background-type":"","background-media":"","overlay-type":"","overlay-color":"","overlay-opacity":"","overlay-gradient":""}},"ast-content-background-meta":{"desktop":{"background-color":"var(--ast-global-color-5)","background-image":"","background-repeat":"repeat","background-position":"center center","background-size":"auto","background-attachment":"scroll","background-type":"","background-media":"","overlay-type":"","overlay-color":"","overlay-opacity":"","overlay-gradient":""},"tablet":{"background-color":"var(--ast-global-color-5)","background-image":"","background-repeat":"repeat","background-position":"center center","background-size":"auto","background-attachment":"scroll","background-type":"","background-media":"","overlay-type":"","overlay-color":"","overlay-opacity":"","overlay-gradient":""},"mobile":{"background-color":"var(--ast-global-color-5)","background-image":"","background-repeat":"repeat","background-position":"center center","background-size":"auto","background-attachment":"scroll","background-type":"","background-media":"","overlay-type":"","overlay-color":"","overlay-opacity":"","overlay-gradient":""}},"footnotes":""},"class_list":["post-2063","page","type-page","status-publish","hentry"],"_links":{"self":[{"href":"https:\/\/www.nebershof.de\/index.php\/wp-json\/wp\/v2\/pages\/2063","targetHints":{"allow":["GET"]}}],"collection":[{"href":"https:\/\/www.nebershof.de\/index.php\/wp-json\/wp\/v2\/pages"}],"about":[{"href":"https:\/\/www.nebershof.de\/index.php\/wp-json\/wp\/v2\/types\/page"}],"author":[{"embeddable":true,"href":"https:\/\/www.nebershof.de\/index.php\/wp-json\/wp\/v2\/users\/1"}],"replies":[{"embeddable":true,"href":"https:\/\/www.nebershof.de\/index.php\/wp-json\/wp\/v2\/comments?post=2063"}],"version-history":[{"count":68,"href":"https:\/\/www.nebershof.de\/index.php\/wp-json\/wp\/v2\/pages\/2063\/revisions"}],"predecessor-version":[{"id":2463,"href":"https:\/\/www.nebershof.de\/index.php\/wp-json\/wp\/v2\/pages\/2063\/revisions\/2463"}],"wp:attachment":[{"href":"https:\/\/www.nebershof.de\/index.php\/wp-json\/wp\/v2\/media?parent=2063"}],"curies":[{"name":"wp","href":"https:\/\/api.w.org\/{rel}","templated":true}]}}